{"id":6608,"date":"2018-05-24T10:50:09","date_gmt":"2018-05-24T07:50:09","guid":{"rendered":"http:\/\/logomo.fi\/tietosuojapolitiikka"},"modified":"2018-09-25T21:32:29","modified_gmt":"2018-09-25T18:32:29","slug":"privacy-policy","status":"publish","type":"page","link":"https:\/\/logomo.fi\/en\/privacy-policy","title":{"rendered":"Privacy policy"},"content":{"rendered":"[vc_row type=&#8221;in_container&#8221; full_screen_row_position=&#8221;middle&#8221; scene_position=&#8221;center&#8221; text_color=&#8221;dark&#8221; text_align=&#8221;left&#8221; overlay_strength=&#8221;0.3&#8243; shape_divider_position=&#8221;bottom&#8221;][vc_column column_padding=&#8221;padding-7-percent&#8221; column_padding_position=&#8221;left-right&#8221; background_color_opacity=&#8221;1&#8243; background_hover_color_opacity=&#8221;1&#8243; column_link_target=&#8221;_self&#8221; column_shadow=&#8221;none&#8221; column_border_radius=&#8221;none&#8221; width=&#8221;1\/1&#8243; tablet_width_inherit=&#8221;default&#8221; tablet_text_alignment=&#8221;default&#8221; phone_text_alignment=&#8221;default&#8221; column_border_width=&#8221;none&#8221; column_border_style=&#8221;solid&#8221;][toggles style=&#8221;default&#8221;][toggle color=&#8221;Default&#8221; title=&#8221;Privacy&#8221;][vc_row_inner column_margin=&#8221;default&#8221; text_align=&#8221;left&#8221;][vc_column_inner column_padding=&#8221;padding-2-percent&#8221; column_padding_position=&#8221;all&#8221; background_color_opacity=&#8221;1&#8243; background_hover_color_opacity=&#8221;1&#8243; column_shadow=&#8221;none&#8221; column_border_radius=&#8221;none&#8221; column_link_target=&#8221;_self&#8221; width=&#8221;1\/1&#8243; tablet_width_inherit=&#8221;default&#8221; column_border_width=&#8221;none&#8221; column_border_style=&#8221;solid&#8221;][vc_column_text]Tietosuojaan kuuluvat henkil\u00f6iden yksityisel\u00e4m\u00e4n suoja ja yksityisyyden suojaa turvaavat muut oikeudet henkil\u00f6tietoja k\u00e4sitelt\u00e4ess\u00e4.<\/p>\n<p>Tietosuojapolitiikan avulla pyrit\u00e4\u00e4n turvaamaan lains\u00e4\u00e4d\u00e4nn\u00f6n mukaiset henkil\u00f6tietojen k\u00e4ytt\u00f6\u00f6n liittyv\u00e4t Logomon asiakkaiden, ty\u00f6ntekij\u00f6iden ja muihin sidosryhmiin kuuluvien henkil\u00f6iden oikeudet sek\u00e4 varmistamaan tietojen k\u00e4sittelij\u00e4n oikeudet ja velvollisuuksien noudattaminen henkil\u00f6tietoja k\u00e4sitelt\u00e4ess\u00e4.<\/p>\n<p>Tietosuojaa toteutettaessa kiinnitet\u00e4\u00e4n erityist\u00e4 huomiota henkil\u00f6tietojen salassapitoon sek\u00e4 siihen, ettei asiattomilla ole p\u00e4\u00e4sy\u00e4 tietoihin ja ettei tietoja k\u00e4ytet\u00e4 henkil\u00f6\u00e4 vahingoittavasti.<\/p>\n<p>Tietosuojapolitiikka on organisaation tietosuojan ja riskienhallinnan v\u00e4line.<\/p>\n<p>Tietosuojapolitiikka koskee koko organisaation henkil\u00f6kuntaa, asiakkaita ja kumppaneita.<\/p>\n<p>Logomo Oy:n toimitusjohtaja vastaa juridisesti tietosuoja-asetuksen mukaisista toimista organisaatiossa. Johtoryhm\u00e4 valvoo t\u00e4m\u00e4n menettelyn k\u00e4yt\u00e4nt\u00f6\u00f6n panoa. Tietosuojasta vastaava hallinnoi ja koordinoi ajantasaisen tietosuojapolitiikan toteutusta.<\/p>\n<p>Organisaation tietosuojapolitiikalla tuetaan tietosuojatietoisuuden kasvattamista ja Logomon riskienhallinta toimii t\u00e4m\u00e4n tietosuojapolitiikan mukaisesti. Tietosuojak\u00e4yt\u00e4nt\u00f6 perustuu tietosuojapolitiikkaan.<\/p>\n<p>Henkil\u00f6tietojen k\u00e4sittely perustuu henkil\u00f6n suostumukseen tai laissa m\u00e4\u00e4riteltyyn muuhun perusteeseen.<\/p>\n<p>K\u00e4ytett\u00e4vien tietojen oikeellisuus pyrit\u00e4\u00e4n varmistamaan ja tietoja p\u00e4ivitet\u00e4\u00e4n henkil\u00f6lt\u00e4 itselt\u00e4\u00e4n tai luotettavista l\u00e4hteist\u00e4.<\/p>\n<p>Henkil\u00f6tietoja k\u00e4sitell\u00e4\u00e4n vain perustellun k\u00e4ytt\u00f6tarkoituksen johdosta ja vain siin\u00e4 m\u00e4\u00e4rin ja niin kauan, kun se on k\u00e4ytt\u00f6tarkoituksen kannalta tarpeellista.<\/p>\n<p>Kun tiedot eiv\u00e4t en\u00e4\u00e4 ole k\u00e4ytt\u00f6tarkoituksensa vuoksi tarpeellisia, tiedot tuhotaan asianmukaisesti.<\/p>\n<p>Tietoja k\u00e4ytet\u00e4\u00e4n niit\u00e4 ker\u00e4tt\u00e4ess\u00e4 kuvattuihin tarkoituksiin lains\u00e4\u00e4d\u00e4nn\u00f6n kulloinkin sallimissa rajoissa.<\/p>\n<p>Tietoja luovutetaan vain nimenomaisesti kerrotulla tai laissa mainitulla perusteella ja nimenomaisesti kerrotuille tai laissa mainituille luovutuksen saajille.<\/p>\n<p>Tietoja saatetaan siirt\u00e4\u00e4 rekisterinpit\u00e4j\u00e4n sijaintivaltion ulkopuolelle, mik\u00e4li kyseist\u00e4 rekisteri\u00e4 koskeva lains\u00e4\u00e4d\u00e4nt\u00f6 sallii siirron.<\/p>\n<p>T\u00e4ll\u00f6in noudatetaan siirtoa koskevia, kunkin maan lains\u00e4\u00e4d\u00e4nn\u00f6ss\u00e4 mahdollisesti s\u00e4\u00e4dettyj\u00e4 menettelyit\u00e4.<\/p>\n<p>Henkil\u00f6tietojen k\u00e4sittelij\u00f6iden k\u00e4ytt\u00f6oikeudet ovat ajan tasalla, perusteltuja ja dokumentoidut.<\/p>\n<p>Henkil\u00f6tietoja katsellaan vain siin\u00e4 laajuudessa kuin dokumentoidun k\u00e4ytt\u00f6tarkoituksen mukaisesti on tarpeen.<\/p>\n<p>Henkil\u00f6tietoja sis\u00e4lt\u00e4vi\u00e4 tietoj\u00e4rjestelmi\u00e4 k\u00e4ytt\u00e4vien henkil\u00f6iden tunnistamisessa ja todentamisessa k\u00e4ytet\u00e4\u00e4n luotettavia tunnistamismekanismeja<\/p>\n<p>K\u00e4yt\u00f6ss\u00e4 olevat tietoliikenneyhteydet ovat salattuja. K\u00e4ytett\u00e4vien j\u00e4rjestelmien turvaominaisuudet testataan m\u00e4\u00e4r\u00e4v\u00e4lein luotettavasti.<\/p>\n<p>Toimitilat, miss\u00e4 j\u00e4rjestelmi\u00e4 s\u00e4ilytet\u00e4\u00e4n ovat fyysisesti suojattu ja erilaisia vikatilanteita, s\u00e4hk\u00f6katkoja ja tulipaloja sek\u00e4 valtuudetonta p\u00e4\u00e4sy\u00e4 vastaan on suojauduttu.<\/p>\n<p>Rekister\u00f6idyn oikeuksiin liittyv\u00e4t menettelyt on kuvattu ja jokainen organisaation henkil\u00f6kunnasta tiet\u00e4\u00e4, miten rekister\u00f6idyn oikeuksia organisaatiossa hallitaan.<\/p>\n<p>Rekister\u00f6idyn oikeudet omien tietojensa osalta ovat:<\/p>\n<ul>\n<li>Oikeus saada p\u00e4\u00e4sy omiin tietoihinsa<\/li>\n<li>Oikeus tietojen oikaisemiseen<\/li>\n<li>Oikeus poistaa tiedot (\u201doikeus tulla unohdetuksi\u201d)<\/li>\n<li>Oikeus siirt\u00e4\u00e4 tiedot j\u00e4rjestelm\u00e4st\u00e4 toiseen<\/li>\n<li>Oikeus vastustaa k\u00e4sittely\u00e4, automaattista p\u00e4\u00e4t\u00f6ksentekoa ja profilointia<\/li>\n<li>Oikeus saada ilmoitus henkil\u00f6tietojen tietoturvaloukkauksesta oikeudet<\/li>\n<\/ul>\n<p>Tietosuoja-asetuksen (GDPR) tai t\u00e4m\u00e4n politiikan noudattamatta j\u00e4tt\u00e4minen tai laiminly\u00f6nti k\u00e4sitell\u00e4\u00e4n organisaation kurinpitomenettelyn mukaisesti.<\/p>\n<p>Lis\u00e4ksi t\u00e4llainen rikkominen saattaa olla rikos, miss\u00e4 tapauksessa asia ilmoitetaan tarvittaville viranomaisille mahdollisimman pian.<\/p>\n<p>Organisaation tai sen kanssa toimivien kumppaneiden ja kolmansien osapuolten, jotka p\u00e4\u00e4sev\u00e4t tai saattavat p\u00e4\u00e4st\u00e4 k\u00e4siksi henkil\u00f6tietoihin, edellytet\u00e4\u00e4n lukevan ja ymm\u00e4rt\u00e4v\u00e4n t\u00e4m\u00e4n k\u00e4yt\u00e4nn\u00f6n ja sitoutuvan siihen.<\/p>\n<p>Kukaan kolmas osapuoli ei saa p\u00e4\u00e4st\u00e4 organisaation s\u00e4ilytt\u00e4miin henkil\u00f6tietoihin solmimatta ensin salassapitosopimusta.<\/p>\n<p>Henkil\u00f6tiedot \u2013 tunnistettuun tai tunnistettavissa olevaan luonnolliseen henkil\u00f6\u00f6n, j\u00e4ljemp\u00e4n\u00e4 &#8216;rekister\u00f6ity&#8217;, liittyv\u00e4t tiedot; tunnistettavissa olevana pidet\u00e4\u00e4n luonnollista henkil\u00f6\u00e4, joka voidaan suoraan tai ep\u00e4suorasti tunnistaa erityisesti tunnistetietojen, kuten nimen, henkil\u00f6tunnuksen, sijaintitiedon, verkkotunnistetietojen taikka yhden tai useamman h\u00e4nelle tunnusomaisen fyysisen, fysiologisen, geneettisen, psyykkisen, taloudellisen, kulttuurillisen tai sosiaalisen tekij\u00e4n perusteella.<\/p>\n<p>Rekisterinpit\u00e4j\u00e4 \u2013 luonnollinen henkil\u00f6 tai oikeushenkil\u00f6, viranomainen, virasto tai muu elin, joka yksin tai yhdess\u00e4 toisten kanssa m\u00e4\u00e4rittelee henkil\u00f6tietojen k\u00e4sittelyn tarkoitukset ja keinot; jos t\u00e4llaisen k\u00e4sittelyn tarkoitukset ja keinot m\u00e4\u00e4ritell\u00e4\u00e4n unionin tai j\u00e4senvaltioiden lains\u00e4\u00e4d\u00e4nn\u00f6ss\u00e4, rekisterinpit\u00e4j\u00e4 tai t\u00e4m\u00e4n nimitt\u00e4mist\u00e4 koskevat erityiset kriteerit voidaan vahvistaa unionin oikeuden tai j\u00e4senvaltion lains\u00e4\u00e4d\u00e4nn\u00f6n mukaisesti.<\/p>\n<p>Rekister\u00f6ity \u2013 tunnistettu tai tunnistettavissa oleva luonnollinen henkil\u00f6 jonka henkil\u00f6tietoja s\u00e4ilytet\u00e4\u00e4n organisaatiossa.<\/p>\n<p>K\u00e4sittely \u2013 toiminto tai toiminnot, joita kohdistetaan henkil\u00f6tietoihin tai henkil\u00f6tietoja sis\u00e4lt\u00e4viin tietojoukkoihin joko automaattista tietojenk\u00e4sittely\u00e4 k\u00e4ytt\u00e4en tai manuaalisesti, kuten tietojen ker\u00e4\u00e4mist\u00e4, tallentamista, j\u00e4rjest\u00e4mist\u00e4, j\u00e4sent\u00e4mist\u00e4, s\u00e4ilytt\u00e4mist\u00e4, muokkaamista tai muuttamista, hakua, kysely\u00e4, k\u00e4ytt\u00f6\u00e4, tietojen luovuttamista siirt\u00e4m\u00e4ll\u00e4, levitt\u00e4m\u00e4ll\u00e4 tai asettamalla ne muutoin saataville, tietojen yhteensovittamista tai yhdist\u00e4mist\u00e4, rajoittamista, poistamista tai tuhoamista.<\/p>\n<p>Henkil\u00f6tietojen tietoturvaloukkaus \u2013 tietoturvaloukkaus, jonka seurauksena on siirrettyjen, tallennettujen tai muuten k\u00e4siteltyjen henkil\u00f6tietojen vahingossa tapahtuva tai lainvastainen tuhoaminen, h\u00e4vi\u00e4minen, muuttaminen, luvaton luovuttaminen taikka p\u00e4\u00e4sy tietoihin. Rekisterinpit\u00e4j\u00e4 on velvollinen ilmoittamaan henkil\u00f6tietojen tietoturvaloukkauksista valvontaviranomaisille ja kertomaan loukkauksen todenn\u00e4k\u00f6isist\u00e4 kielteisist\u00e4 vaikutuksista rekister\u00f6idyn henkil\u00f6tietoihin, yksityisyyteen tai tietosuojaan.<\/p>\n<p>Kolmas osapuoli \u2013 luonnollinen henkil\u00f6 tai oikeushenkil\u00f6, viranomainen, virasto tai muu toimielin kuin rekister\u00f6ity, rekisterinpit\u00e4j\u00e4, henkil\u00f6tietojen k\u00e4sittelij\u00e4 ja henkil\u00f6, joilla on oikeus k\u00e4sitell\u00e4 henkil\u00f6tietoja suoraan rekisterinpit\u00e4j\u00e4n tai henkil\u00f6tietojen k\u00e4sittelij\u00e4n v\u00e4litt\u00f6m\u00e4n vastuun alaisena.<\/p>\n<p>Rekisteri \u2013 mik\u00e4 tahansa j\u00e4sennelty henkil\u00f6tietoja sis\u00e4lt\u00e4v\u00e4 tietojoukko, josta tiedot ovat saatavilla tietyin perustein, oli tietojoukko sitten keskitetty, hajautettu tai toiminnallisin tai maantieteellisin perustein jaettu.<\/p>\n<p>Tietosuojasta vastaava omistaa tietosuojapolitiikan, jota tietosuojasta vastaava hallinnoi. Toimitusjohtaja hyv\u00e4ksyy tietosuojapolitiikan ja siit\u00e4 johdetut organisaatiok\u00e4yt\u00e4nn\u00f6t huomioiden tietosuoja-asetuksen ja lakien vaatimukset.[\/vc_column_text][\/vc_column_inner][\/vc_row_inner][\/toggle][toggle color=&#8221;Default&#8221; title=&#8221;Cookies&#8221;][vc_row_inner column_margin=&#8221;default&#8221; text_align=&#8221;left&#8221;][vc_column_inner column_padding=&#8221;padding-2-percent&#8221; column_padding_position=&#8221;all&#8221; background_color_opacity=&#8221;1&#8243; background_hover_color_opacity=&#8221;1&#8243; column_shadow=&#8221;none&#8221; column_border_radius=&#8221;none&#8221; column_link_target=&#8221;_self&#8221; width=&#8221;1\/1&#8243; tablet_width_inherit=&#8221;default&#8221; column_border_width=&#8221;none&#8221; column_border_style=&#8221;solid&#8221;][vc_column_text]<strong>Ev\u00e4steiden k\u00e4ytt\u00f6 Logomon verkkosivuilla<\/strong><\/p>\n<p>Sivustolla k\u00e4ytet\u00e4\u00e4n ev\u00e4steit\u00e4 sen takaamiseksi, ett\u00e4 palvelu on turvallinen, tehokas ja k\u00e4ytt\u00e4j\u00e4yst\u00e4v\u00e4llinen.<\/p>\n<p>K\u00e4yt\u00e4mme nettisivuillamme ulkomaisten palveluntarjoajien tekniikkaa ja niiden mahdollisten ev\u00e4steiden ker\u00e4\u00e4m\u00e4t tiedot siirret\u00e4\u00e4n ja tallennetaan palveluntarjoajien palvelimille, joista osa saattaa sijaita EU:n ulkopuolella. N\u00e4it\u00e4 ovat mm. Google Analytics, Google Tag Manager sek\u00e4 Facebookin konversiopikseli.<\/p>\n<p>Ev\u00e4ste (cookies) on sivuton pieni, k\u00e4ytt\u00e4j\u00e4n omalle tietokoneelle l\u00e4hetett\u00e4v\u00e4 ja siell\u00e4 s\u00e4ilytett\u00e4v\u00e4 tekstitiedosto. Ev\u00e4steet eiv\u00e4t vahingoita k\u00e4ytt\u00e4jien tietokoneita tai tiedostoja.<\/p>\n<p>Ev\u00e4steet on mahdollista ottaa pois k\u00e4yt\u00f6st\u00e4. Poistaminen tapahtuu selaimen asetuksista.<\/p>\n<p>Jos toiminto kytket\u00e4\u00e4n pois, on hyv\u00e4 ottaa huomioon, ett\u00e4 ev\u00e4steet voivat olla tarpeellisia joidenkin palveluiden asianmukaiselle toimimiselle.[\/vc_column_text][\/vc_column_inner][\/vc_row_inner][\/toggle][\/toggles][\/vc_column][\/vc_row]\n","protected":false},"excerpt":{"rendered":"<p>[vc_row type=&#8221;in_container&#8221; full_screen_row_position=&#8221;middle&#8221; scene_position=&#8221;center&#8221; text_color=&#8221;dark&#8221; text_align=&#8221;left&#8221; overlay_strength=&#8221;0.3&#8243; shape_divider_position=&#8221;bottom&#8221;][vc_column column_padding=&#8221;padding-7-percent&#8221; column_padding_position=&#8221;left-right&#8221; background_color_opacity=&#8221;1&#8243; background_hover_color_opacity=&#8221;1&#8243; column_link_target=&#8221;_self&#8221; column_shadow=&#8221;none&#8221; column_border_radius=&#8221;none&#8221; width=&#8221;1\/1&#8243; tablet_width_inherit=&#8221;default&#8221; tablet_text_alignment=&#8221;default&#8221; phone_text_alignment=&#8221;default&#8221; column_border_width=&#8221;none&#8221; column_border_style=&#8221;solid&#8221;][toggles style=&#8221;default&#8221;][toggle color=&#8221;Default&#8221; title=&#8221;Privacy&#8221;][vc_row_inner column_margin=&#8221;default&#8221; text_align=&#8221;left&#8221;][vc_column_inner column_padding=&#8221;padding-2-percent&#8221; column_padding_position=&#8221;all&#8221; background_color_opacity=&#8221;1&#8243; background_hover_color_opacity=&#8221;1&#8243;&#8230;<\/p>\n","protected":false},"author":1,"featured_media":0,"parent":0,"menu_order":0,"comment_status":"closed","ping_status":"closed","template":"","meta":{"_acf_changed":false,"footnotes":""},"class_list":["post-6608","page","type-page","status-publish"],"acf":[],"yoast_head":"<!-- This site is optimized with the Yoast SEO plugin v27.4 - https:\/\/yoast.com\/product\/yoast-seo-wordpress\/ -->\n<title>Privacy policy - Logomo<\/title>\n<meta name=\"robots\" content=\"index, follow, max-snippet:-1, max-image-preview:large, max-video-preview:-1\" \/>\n<link rel=\"canonical\" href=\"https:\/\/logomo.fi\/en\/privacy-policy\" \/>\n<meta property=\"og:locale\" content=\"en_US\" \/>\n<meta property=\"og:type\" content=\"article\" \/>\n<meta property=\"og:title\" content=\"Privacy policy - Logomo\" \/>\n<meta property=\"og:description\" content=\"[vc_row type=&#8221;in_container&#8221; full_screen_row_position=&#8221;middle&#8221; scene_position=&#8221;center&#8221; text_color=&#8221;dark&#8221; text_align=&#8221;left&#8221; overlay_strength=&#8221;0.3&#8243; shape_divider_position=&#8221;bottom&#8221;][vc_column column_padding=&#8221;padding-7-percent&#8221; column_padding_position=&#8221;left-right&#8221; background_color_opacity=&#8221;1&#8243; background_hover_color_opacity=&#8221;1&#8243; column_link_target=&#8221;_self&#8221; column_shadow=&#8221;none&#8221; column_border_radius=&#8221;none&#8221; width=&#8221;1\/1&#8243; tablet_width_inherit=&#8221;default&#8221; tablet_text_alignment=&#8221;default&#8221; phone_text_alignment=&#8221;default&#8221; column_border_width=&#8221;none&#8221; column_border_style=&#8221;solid&#8221;][toggles style=&#8221;default&#8221;][toggle color=&#8221;Default&#8221; title=&#8221;Privacy&#8221;][vc_row_inner column_margin=&#8221;default&#8221; text_align=&#8221;left&#8221;][vc_column_inner column_padding=&#8221;padding-2-percent&#8221; column_padding_position=&#8221;all&#8221; background_color_opacity=&#8221;1&#8243; background_hover_color_opacity=&#8221;1&#8243;...\" \/>\n<meta property=\"og:url\" content=\"https:\/\/logomo.fi\/en\/privacy-policy\" \/>\n<meta property=\"og:site_name\" content=\"Logomo\" \/>\n<meta property=\"article:publisher\" content=\"https:\/\/www.facebook.com\/logomoturku\/\" \/>\n<meta property=\"article:modified_time\" content=\"2018-09-25T18:32:29+00:00\" \/>\n<meta name=\"twitter:card\" content=\"summary_large_image\" \/>\n<meta name=\"twitter:site\" content=\"@logomoturku\" \/>\n<meta name=\"twitter:label1\" content=\"Est. reading time\" \/>\n\t<meta name=\"twitter:data1\" content=\"6 minutes\" \/>\n<script type=\"application\/ld+json\" class=\"yoast-schema-graph\">{\"@context\":\"https:\\\/\\\/schema.org\",\"@graph\":[{\"@type\":\"WebPage\",\"@id\":\"https:\\\/\\\/logomo.fi\\\/en\\\/privacy-policy\",\"url\":\"https:\\\/\\\/logomo.fi\\\/en\\\/privacy-policy\",\"name\":\"Privacy policy - Logomo\",\"isPartOf\":{\"@id\":\"https:\\\/\\\/logomo.fi\\\/#website\"},\"datePublished\":\"2018-05-24T07:50:09+00:00\",\"dateModified\":\"2018-09-25T18:32:29+00:00\",\"breadcrumb\":{\"@id\":\"https:\\\/\\\/logomo.fi\\\/en\\\/privacy-policy#breadcrumb\"},\"inLanguage\":\"en-US\",\"potentialAction\":[{\"@type\":\"ReadAction\",\"target\":[\"https:\\\/\\\/logomo.fi\\\/en\\\/privacy-policy\"]}]},{\"@type\":\"BreadcrumbList\",\"@id\":\"https:\\\/\\\/logomo.fi\\\/en\\\/privacy-policy#breadcrumb\",\"itemListElement\":[{\"@type\":\"ListItem\",\"position\":1,\"name\":\"Home\",\"item\":\"https:\\\/\\\/logomo.fi\\\/en\"},{\"@type\":\"ListItem\",\"position\":2,\"name\":\"Privacy policy\"}]},{\"@type\":\"WebSite\",\"@id\":\"https:\\\/\\\/logomo.fi\\\/#website\",\"url\":\"https:\\\/\\\/logomo.fi\\\/\",\"name\":\"Logomo\",\"description\":\"Tapahtumatalo Turku\",\"publisher\":{\"@id\":\"https:\\\/\\\/logomo.fi\\\/#organization\"},\"potentialAction\":[{\"@type\":\"SearchAction\",\"target\":{\"@type\":\"EntryPoint\",\"urlTemplate\":\"https:\\\/\\\/logomo.fi\\\/?s={search_term_string}\"},\"query-input\":{\"@type\":\"PropertyValueSpecification\",\"valueRequired\":true,\"valueName\":\"search_term_string\"}}],\"inLanguage\":\"en-US\"},{\"@type\":\"Organization\",\"@id\":\"https:\\\/\\\/logomo.fi\\\/#organization\",\"name\":\"Logomo Oy\",\"url\":\"https:\\\/\\\/logomo.fi\\\/\",\"logo\":{\"@type\":\"ImageObject\",\"inLanguage\":\"en-US\",\"@id\":\"https:\\\/\\\/logomo.fi\\\/#\\\/schema\\\/logo\\\/image\\\/\",\"url\":\"https:\\\/\\\/logomo.fi\\\/wp-content\\\/uploads\\\/2017\\\/10\\\/Logomo_Logo@2x.png\",\"contentUrl\":\"https:\\\/\\\/logomo.fi\\\/wp-content\\\/uploads\\\/2017\\\/10\\\/Logomo_Logo@2x.png\",\"width\":500,\"height\":531,\"caption\":\"Logomo Oy\"},\"image\":{\"@id\":\"https:\\\/\\\/logomo.fi\\\/#\\\/schema\\\/logo\\\/image\\\/\"},\"sameAs\":[\"https:\\\/\\\/www.facebook.com\\\/logomoturku\\\/\",\"https:\\\/\\\/x.com\\\/logomoturku\",\"https:\\\/\\\/www.instagram.com\\\/logomoturku\\\/\",\"https:\\\/\\\/www.linkedin.com\\\/company\\\/logomo\\\/\",\"https:\\\/\\\/www.youtube.com\\\/channel\\\/UC6QFjqZuwhMuGhA5D8zG-Vg\\\/videos\"]}]}<\/script>\n<!-- \/ Yoast SEO plugin. -->","yoast_head_json":{"title":"Privacy policy - Logomo","robots":{"index":"index","follow":"follow","max-snippet":"max-snippet:-1","max-image-preview":"max-image-preview:large","max-video-preview":"max-video-preview:-1"},"canonical":"https:\/\/logomo.fi\/en\/privacy-policy","og_locale":"en_US","og_type":"article","og_title":"Privacy policy - Logomo","og_description":"[vc_row type=&#8221;in_container&#8221; full_screen_row_position=&#8221;middle&#8221; scene_position=&#8221;center&#8221; text_color=&#8221;dark&#8221; text_align=&#8221;left&#8221; overlay_strength=&#8221;0.3&#8243; shape_divider_position=&#8221;bottom&#8221;][vc_column column_padding=&#8221;padding-7-percent&#8221; column_padding_position=&#8221;left-right&#8221; background_color_opacity=&#8221;1&#8243; background_hover_color_opacity=&#8221;1&#8243; column_link_target=&#8221;_self&#8221; column_shadow=&#8221;none&#8221; column_border_radius=&#8221;none&#8221; width=&#8221;1\/1&#8243; tablet_width_inherit=&#8221;default&#8221; tablet_text_alignment=&#8221;default&#8221; phone_text_alignment=&#8221;default&#8221; column_border_width=&#8221;none&#8221; column_border_style=&#8221;solid&#8221;][toggles style=&#8221;default&#8221;][toggle color=&#8221;Default&#8221; title=&#8221;Privacy&#8221;][vc_row_inner column_margin=&#8221;default&#8221; text_align=&#8221;left&#8221;][vc_column_inner column_padding=&#8221;padding-2-percent&#8221; column_padding_position=&#8221;all&#8221; background_color_opacity=&#8221;1&#8243; background_hover_color_opacity=&#8221;1&#8243;...","og_url":"https:\/\/logomo.fi\/en\/privacy-policy","og_site_name":"Logomo","article_publisher":"https:\/\/www.facebook.com\/logomoturku\/","article_modified_time":"2018-09-25T18:32:29+00:00","twitter_card":"summary_large_image","twitter_site":"@logomoturku","twitter_misc":{"Est. reading time":"6 minutes"},"schema":{"@context":"https:\/\/schema.org","@graph":[{"@type":"WebPage","@id":"https:\/\/logomo.fi\/en\/privacy-policy","url":"https:\/\/logomo.fi\/en\/privacy-policy","name":"Privacy policy - Logomo","isPartOf":{"@id":"https:\/\/logomo.fi\/#website"},"datePublished":"2018-05-24T07:50:09+00:00","dateModified":"2018-09-25T18:32:29+00:00","breadcrumb":{"@id":"https:\/\/logomo.fi\/en\/privacy-policy#breadcrumb"},"inLanguage":"en-US","potentialAction":[{"@type":"ReadAction","target":["https:\/\/logomo.fi\/en\/privacy-policy"]}]},{"@type":"BreadcrumbList","@id":"https:\/\/logomo.fi\/en\/privacy-policy#breadcrumb","itemListElement":[{"@type":"ListItem","position":1,"name":"Home","item":"https:\/\/logomo.fi\/en"},{"@type":"ListItem","position":2,"name":"Privacy policy"}]},{"@type":"WebSite","@id":"https:\/\/logomo.fi\/#website","url":"https:\/\/logomo.fi\/","name":"Logomo","description":"Tapahtumatalo Turku","publisher":{"@id":"https:\/\/logomo.fi\/#organization"},"potentialAction":[{"@type":"SearchAction","target":{"@type":"EntryPoint","urlTemplate":"https:\/\/logomo.fi\/?s={search_term_string}"},"query-input":{"@type":"PropertyValueSpecification","valueRequired":true,"valueName":"search_term_string"}}],"inLanguage":"en-US"},{"@type":"Organization","@id":"https:\/\/logomo.fi\/#organization","name":"Logomo Oy","url":"https:\/\/logomo.fi\/","logo":{"@type":"ImageObject","inLanguage":"en-US","@id":"https:\/\/logomo.fi\/#\/schema\/logo\/image\/","url":"https:\/\/logomo.fi\/wp-content\/uploads\/2017\/10\/Logomo_Logo@2x.png","contentUrl":"https:\/\/logomo.fi\/wp-content\/uploads\/2017\/10\/Logomo_Logo@2x.png","width":500,"height":531,"caption":"Logomo Oy"},"image":{"@id":"https:\/\/logomo.fi\/#\/schema\/logo\/image\/"},"sameAs":["https:\/\/www.facebook.com\/logomoturku\/","https:\/\/x.com\/logomoturku","https:\/\/www.instagram.com\/logomoturku\/","https:\/\/www.linkedin.com\/company\/logomo\/","https:\/\/www.youtube.com\/channel\/UC6QFjqZuwhMuGhA5D8zG-Vg\/videos"]}]}},"publishpress_future_action":{"enabled":false,"date":"2026-04-23 04:07:32","action":"change-status","newStatus":"draft","terms":[],"taxonomy":"translation_priority","extraData":[]},"publishpress_future_workflow_manual_trigger":{"enabledWorkflows":[]},"_links":{"self":[{"href":"https:\/\/logomo.fi\/en\/wp-json\/wp\/v2\/pages\/6608","targetHints":{"allow":["GET"]}}],"collection":[{"href":"https:\/\/logomo.fi\/en\/wp-json\/wp\/v2\/pages"}],"about":[{"href":"https:\/\/logomo.fi\/en\/wp-json\/wp\/v2\/types\/page"}],"author":[{"embeddable":true,"href":"https:\/\/logomo.fi\/en\/wp-json\/wp\/v2\/users\/1"}],"replies":[{"embeddable":true,"href":"https:\/\/logomo.fi\/en\/wp-json\/wp\/v2\/comments?post=6608"}],"version-history":[{"count":2,"href":"https:\/\/logomo.fi\/en\/wp-json\/wp\/v2\/pages\/6608\/revisions"}],"predecessor-version":[{"id":7992,"href":"https:\/\/logomo.fi\/en\/wp-json\/wp\/v2\/pages\/6608\/revisions\/7992"}],"wp:attachment":[{"href":"https:\/\/logomo.fi\/en\/wp-json\/wp\/v2\/media?parent=6608"}],"curies":[{"name":"wp","href":"https:\/\/api.w.org\/{rel}","templated":true}]}}