{"id":6618,"date":"2018-01-11T17:46:40","date_gmt":"2018-01-11T15:46:40","guid":{"rendered":"http:\/\/logomo.fi\/tilaisuudet"},"modified":"2019-05-06T14:07:34","modified_gmt":"2019-05-06T11:07:34","slug":"events","status":"publish","type":"page","link":"https:\/\/logomo.fi\/en\/events","title":{"rendered":"Events"},"content":{"rendered":"[vc_row type=&#8221;full_width_background&#8221; full_screen_row_position=&#8221;middle&#8221; bg_image=&#8221;3394&#8243; bg_position=&#8221;center center&#8221; bg_repeat=&#8221;no-repeat&#8221; scene_position=&#8221;center&#8221; text_color=&#8221;light&#8221; text_align=&#8221;left&#8221; top_padding=&#8221;15%&#8221; bottom_padding=&#8221;10%&#8221; color_overlay=&#8221;#0a0a0a&#8221; overlay_strength=&#8221;0.3&#8243; shape_divider_position=&#8221;bottom&#8221; bg_image_animation=&#8221;none&#8221; shape_type=&#8221;&#8221;][vc_column column_padding=&#8221;no-extra-padding&#8221; column_padding_position=&#8221;all&#8221; background_color_opacity=&#8221;1&#8243; background_hover_color_opacity=&#8221;1&#8243; column_link_target=&#8221;_self&#8221; column_shadow=&#8221;none&#8221; column_border_radius=&#8221;none&#8221; width=&#8221;1\/1&#8243; tablet_width_inherit=&#8221;default&#8221; tablet_text_alignment=&#8221;default&#8221; phone_text_alignment=&#8221;default&#8221; column_border_width=&#8221;none&#8221; column_border_style=&#8221;solid&#8221; bg_image_animation=&#8221;none&#8221;][vc_custom_heading text=&#8221;Events&#8221; font_container=&#8221;tag:h1|text_align:left|color:%23ffffff&#8221; use_theme_fonts=&#8221;yes&#8221;][\/vc_column][\/vc_row][vc_row type=&#8221;full_width_background&#8221; full_screen_row_position=&#8221;middle&#8221; equal_height=&#8221;yes&#8221; content_placement=&#8221;top&#8221; scene_position=&#8221;center&#8221; text_color=&#8221;light&#8221; text_align=&#8221;center&#8221; top_padding=&#8221;80&#8243; bottom_padding=&#8221;15&#8243; overlay_strength=&#8221;0.3&#8243; shape_divider_position=&#8221;bottom&#8221; bg_image_animation=&#8221;none&#8221; shape_type=&#8221;&#8221;][vc_column centered_text=&#8221;true&#8221; column_padding=&#8221;padding-5-percent&#8221; column_padding_position=&#8221;all&#8221; background_color=&#8221;#000000&#8243; background_color_opacity=&#8221;0.4&#8243; background_color_hover=&#8221;#000000&#8243; background_hover_color_opacity=&#8221;0.8&#8243; background_image=&#8221;2288&#8243; enable_bg_scale=&#8221;true&#8221; column_link_target=&#8221;_self&#8221; column_shadow=&#8221;none&#8221; column_border_radius=&#8221;none&#8221; width=&#8221;1\/2&#8243; tablet_width_inherit=&#8221;default&#8221; tablet_text_alignment=&#8221;default&#8221; phone_text_alignment=&#8221;default&#8221; column_border_width=&#8221;none&#8221; column_border_color=&#8221;#000000&#8243; column_border_style=&#8221;solid&#8221; bg_image_animation=&#8221;none&#8221;][vc_column_text]\n<h2>Parties<\/h2>\n[\/vc_column_text][divider line_type=&#8221;Small Line&#8221; line_alignment=&#8221;default&#8221; line_thickness=&#8221;1&#8243; divider_color=&#8221;extra-color-2&#8243; animate=&#8221;yes&#8221; custom_height=&#8221;30&#8243;][nectar_btn size=&#8221;small&#8221; button_style=&#8221;regular&#8221; button_color_2=&#8221;Extra-Color-1&#8243; icon_family=&#8221;default_arrow&#8221; url=&#8221;https:\/\/logomo.fi\/en\/events\/parties&#8221; text=&#8221;Browse and book&#8221; margin_top=&#8221;10&#8243;][\/vc_column][vc_column centered_text=&#8221;true&#8221; column_padding=&#8221;padding-5-percent&#8221; column_padding_position=&#8221;all&#8221; background_color=&#8221;#000000&#8243; background_color_opacity=&#8221;0.2&#8243; background_color_hover=&#8221;#000000&#8243; background_hover_color_opacity=&#8221;0.8&#8243; background_image=&#8221;46&#8243; enable_bg_scale=&#8221;true&#8221; column_link_target=&#8221;_self&#8221; column_shadow=&#8221;none&#8221; column_border_radius=&#8221;none&#8221; width=&#8221;1\/2&#8243; tablet_width_inherit=&#8221;default&#8221; tablet_text_alignment=&#8221;default&#8221; phone_text_alignment=&#8221;default&#8221; column_border_width=&#8221;none&#8221; column_border_style=&#8221;solid&#8221; bg_image_animation=&#8221;none&#8221;][vc_column_text]\n<h2>Meetings<\/h2>\n[\/vc_column_text][divider line_type=&#8221;Small Line&#8221; line_alignment=&#8221;default&#8221; line_thickness=&#8221;1&#8243; divider_color=&#8221;extra-color-2&#8243; animate=&#8221;yes&#8221; custom_height=&#8221;30&#8243;][nectar_btn size=&#8221;small&#8221; button_style=&#8221;regular&#8221; button_color_2=&#8221;Extra-Color-1&#8243; icon_family=&#8221;default_arrow&#8221; url=&#8221;https:\/\/logomo.fi\/en\/meetings-turku&#8221; text=&#8221;Browse and book&#8221; margin_top=&#8221;10&#8243;][\/vc_column][\/vc_row][vc_row type=&#8221;full_width_background&#8221; full_screen_row_position=&#8221;middle&#8221; equal_height=&#8221;yes&#8221; content_placement=&#8221;top&#8221; scene_position=&#8221;center&#8221; text_color=&#8221;light&#8221; text_align=&#8221;center&#8221; top_padding=&#8221;15&#8243; bottom_padding=&#8221;15&#8243; overlay_strength=&#8221;0.3&#8243; shape_divider_position=&#8221;bottom&#8221; bg_image_animation=&#8221;none&#8221; shape_type=&#8221;&#8221;][vc_column centered_text=&#8221;true&#8221; column_padding=&#8221;padding-5-percent&#8221; column_padding_position=&#8221;all&#8221; background_color=&#8221;#000000&#8243; background_color_opacity=&#8221;0.6&#8243; background_color_hover=&#8221;#000000&#8243; background_hover_color_opacity=&#8221;0.8&#8243; background_image=&#8221;3403&#8243; enable_bg_scale=&#8221;true&#8221; column_link_target=&#8221;_self&#8221; column_shadow=&#8221;none&#8221; column_border_radius=&#8221;none&#8221; width=&#8221;1\/2&#8243; tablet_width_inherit=&#8221;default&#8221; tablet_text_alignment=&#8221;default&#8221; phone_text_alignment=&#8221;default&#8221; column_border_width=&#8221;none&#8221; column_border_style=&#8221;solid&#8221; bg_image_animation=&#8221;none&#8221;][vc_column_text]\n<h2>Weddings<\/h2>\n[\/vc_column_text][divider line_type=&#8221;Small Line&#8221; line_alignment=&#8221;default&#8221; line_thickness=&#8221;1&#8243; divider_color=&#8221;extra-color-2&#8243; animate=&#8221;yes&#8221; custom_height=&#8221;30&#8243;][nectar_btn size=&#8221;small&#8221; button_style=&#8221;regular&#8221; button_color_2=&#8221;Extra-Color-1&#8243; icon_family=&#8221;default_arrow&#8221; url=&#8221;https:\/\/logomo.fi\/en\/events\/weddings&#8221; text=&#8221;Browse and book&#8221; margin_top=&#8221;10&#8243;][\/vc_column][vc_column centered_text=&#8221;true&#8221; column_padding=&#8221;padding-5-percent&#8221; column_padding_position=&#8221;all&#8221; background_color=&#8221;#000000&#8243; background_color_opacity=&#8221;0.4&#8243; background_color_hover=&#8221;#000000&#8243; background_hover_color_opacity=&#8221;0.8&#8243; background_image=&#8221;3411&#8243; enable_bg_scale=&#8221;true&#8221; column_link_target=&#8221;_self&#8221; column_shadow=&#8221;none&#8221; column_border_radius=&#8221;none&#8221; width=&#8221;1\/2&#8243; tablet_width_inherit=&#8221;default&#8221; tablet_text_alignment=&#8221;default&#8221; phone_text_alignment=&#8221;default&#8221; column_border_width=&#8221;none&#8221; column_border_color=&#8221;#000000&#8243; column_border_style=&#8221;solid&#8221; bg_image_animation=&#8221;none&#8221;][vc_column_text]\n<h2>Pre-Christmas celebration<\/h2>\n[\/vc_column_text][divider line_type=&#8221;Small Line&#8221; line_alignment=&#8221;default&#8221; line_thickness=&#8221;1&#8243; divider_color=&#8221;extra-color-2&#8243; animate=&#8221;yes&#8221; custom_height=&#8221;30&#8243;][nectar_btn size=&#8221;small&#8221; button_style=&#8221;regular&#8221; button_color_2=&#8221;Extra-Color-1&#8243; icon_family=&#8221;default_arrow&#8221; url=&#8221;https:\/\/logomo.fi\/en\/events\/pre-christmas-parties&#8221; text=&#8221;Browse and book&#8221; margin_top=&#8221;10&#8243;][\/vc_column][\/vc_row][vc_row type=&#8221;full_width_background&#8221; full_screen_row_position=&#8221;middle&#8221; equal_height=&#8221;yes&#8221; content_placement=&#8221;top&#8221; scene_position=&#8221;center&#8221; text_color=&#8221;light&#8221; text_align=&#8221;center&#8221; top_padding=&#8221;15&#8243; bottom_padding=&#8221;15&#8243; overlay_strength=&#8221;0.3&#8243; shape_divider_position=&#8221;bottom&#8221; bg_image_animation=&#8221;none&#8221; shape_type=&#8221;&#8221;][vc_column centered_text=&#8221;true&#8221; column_padding=&#8221;padding-5-percent&#8221; column_padding_position=&#8221;all&#8221; background_color=&#8221;#000000&#8243; background_color_opacity=&#8221;0.4&#8243; background_color_hover=&#8221;#000000&#8243; background_hover_color_opacity=&#8221;0.8&#8243; background_image=&#8221;199&#8243; enable_bg_scale=&#8221;true&#8221; column_link_target=&#8221;_self&#8221; column_shadow=&#8221;none&#8221; column_border_radius=&#8221;none&#8221; width=&#8221;1\/1&#8243; tablet_width_inherit=&#8221;default&#8221; tablet_text_alignment=&#8221;default&#8221; phone_text_alignment=&#8221;default&#8221; column_border_width=&#8221;none&#8221; column_border_style=&#8221;solid&#8221; bg_image_animation=&#8221;none&#8221;][vc_column_text]\n<h2>Corporate events<\/h2>\n[\/vc_column_text][divider line_type=&#8221;Small Line&#8221; line_alignment=&#8221;default&#8221; line_thickness=&#8221;1&#8243; divider_color=&#8221;extra-color-2&#8243; animate=&#8221;yes&#8221; custom_height=&#8221;30&#8243;][nectar_btn size=&#8221;small&#8221; button_style=&#8221;regular&#8221; button_color_2=&#8221;Extra-Color-1&#8243; icon_family=&#8221;default_arrow&#8221; url=&#8221;https:\/\/logomo.fi\/en\/events\/corporate-events&#8221; text=&#8221;Browse and book&#8221; margin_top=&#8221;10&#8243;][\/vc_column][\/vc_row][vc_row type=&#8221;in_container&#8221; full_screen_row_position=&#8221;middle&#8221; equal_height=&#8221;yes&#8221; scene_position=&#8221;center&#8221; text_color=&#8221;dark&#8221; text_align=&#8221;left&#8221; top_padding=&#8221;10&#8243; overlay_strength=&#8221;0.3&#8243; shape_divider_position=&#8221;bottom&#8221; bg_image_animation=&#8221;none&#8221; shape_type=&#8221;&#8221;][vc_column column_padding=&#8221;padding-5-percent&#8221; column_padding_position=&#8221;all&#8221; background_color=&#8221;#f4f4f4&#8243; background_color_opacity=&#8221;1&#8243; background_hover_color_opacity=&#8221;1&#8243; column_link_target=&#8221;_self&#8221; column_shadow=&#8221;none&#8221; column_border_radius=&#8221;none&#8221; width=&#8221;1\/1&#8243; tablet_width_inherit=&#8221;default&#8221; tablet_text_alignment=&#8221;default&#8221; phone_text_alignment=&#8221;default&#8221; column_border_width=&#8221;none&#8221; column_border_style=&#8221;solid&#8221; bg_image_animation=&#8221;none&#8221;][vc_column_text]\n<h2>Contact us to start planning your event!<\/h2>\n[\/vc_column_text][divider line_type=&#8221;Small Line&#8221; line_alignment=&#8221;default&#8221; line_thickness=&#8221;1&#8243; divider_color=&#8221;default&#8221; animate=&#8221;yes&#8221; custom_height=&#8221;30&#8243;][contact-form-7 id=&#8221;7094&#8243;][divider line_type=&#8221;Small Line&#8221; line_alignment=&#8221;default&#8221; line_thickness=&#8221;1&#8243; divider_color=&#8221;default&#8221; animate=&#8221;yes&#8221; custom_height=&#8221;30&#8243;][vc_column_text el_class=&#8221;linkki&#8221;]Tel:\u00a0<a href=\"tel:0291234808\">029 123 4808<\/a><br \/>\nEmail:\u00a0<a href=\"mailto:myynti@logomo.fi\">myynti@logomo.fi<\/a>[\/vc_column_text][\/vc_column][\/vc_row][vc_row type=&#8221;in_container&#8221; full_screen_row_position=&#8221;middle&#8221; scene_position=&#8221;center&#8221; text_color=&#8221;light&#8221; text_align=&#8221;center&#8221; bottom_padding=&#8221;40&#8243; overlay_strength=&#8221;0.3&#8243; shape_divider_position=&#8221;both&#8221; shape_divider_height=&#8221;20&#8243; shape_divider_bring_to_front=&#8221;true&#8221; bg_image_animation=&#8221;none&#8221; shape_type=&#8221;&#8221;][vc_column column_padding=&#8221;padding-5-percent&#8221; column_padding_position=&#8221;all&#8221; background_color=&#8221;#000000&#8243; background_color_opacity=&#8221;1&#8243; background_hover_color_opacity=&#8221;1&#8243; column_link_target=&#8221;_self&#8221; column_shadow=&#8221;none&#8221; column_border_radius=&#8221;none&#8221; width=&#8221;1\/1&#8243; tablet_width_inherit=&#8221;default&#8221; tablet_text_alignment=&#8221;default&#8221; phone_text_alignment=&#8221;default&#8221; column_border_width=&#8221;none&#8221; column_border_style=&#8221;solid&#8221; bg_image_animation=&#8221;none&#8221;][vc_column_text]\n<h3>Logomo is an extremely large complex, but don\u2019t let its size overwhelm you. It\u00b4s the perfect place for events of all sizes. The adaptability of our facilities is nearly unparalleled. We tailor our spaces and services to fit your occasion!<\/h3>\n[\/vc_column_text][\/vc_column][\/vc_row]\n","protected":false},"excerpt":{"rendered":"<p>[vc_row type=&#8221;full_width_background&#8221; full_screen_row_position=&#8221;middle&#8221; bg_image=&#8221;3394&#8243; bg_position=&#8221;center center&#8221; bg_repeat=&#8221;no-repeat&#8221; scene_position=&#8221;center&#8221; text_color=&#8221;light&#8221; text_align=&#8221;left&#8221; top_padding=&#8221;15%&#8221; bottom_padding=&#8221;10%&#8221; color_overlay=&#8221;#0a0a0a&#8221; overlay_strength=&#8221;0.3&#8243; shape_divider_position=&#8221;bottom&#8221; bg_image_animation=&#8221;none&#8221; shape_type=&#8221;&#8221;][vc_column column_padding=&#8221;no-extra-padding&#8221; column_padding_position=&#8221;all&#8221; background_color_opacity=&#8221;1&#8243; background_hover_color_opacity=&#8221;1&#8243; column_link_target=&#8221;_self&#8221; column_shadow=&#8221;none&#8221; column_border_radius=&#8221;none&#8221; width=&#8221;1\/1&#8243; tablet_width_inherit=&#8221;default&#8221; tablet_text_alignment=&#8221;default&#8221; phone_text_alignment=&#8221;default&#8221; column_border_width=&#8221;none&#8221; column_border_style=&#8221;solid&#8221;&#8230;<\/p>\n","protected":false},"author":1,"featured_media":0,"parent":0,"menu_order":0,"comment_status":"closed","ping_status":"closed","template":"","meta":{"_acf_changed":false,"footnotes":""},"class_list":["post-6618","page","type-page","status-publish"],"acf":[],"yoast_head":"<!-- This site is optimized with the Yoast SEO plugin v27.4 - https:\/\/yoast.com\/product\/yoast-seo-wordpress\/ -->\n<title>Tilaisuudet Logomossa - Juhlat - H\u00e4\u00e4t - Asiakastilaisuudet - Turku<\/title>\n<meta name=\"description\" content=\"Tilaisuudet Logomossa. Logomo on iso talo, mutta \u00e4l\u00e4 anna koon h\u00e4mment\u00e4\u00e4. Logomo on t\u00e4ydellinen paikka monen kokoisille tilaisuuksille. Tilojen muunneltavuus on melkeinp\u00e4 rajaton. R\u00e4\u00e4t\u00e4l\u00f6imme tilamme tilaisuuttasi varten. Ota yhteytt\u00e4!\" \/>\n<meta name=\"robots\" content=\"index, follow, max-snippet:-1, max-image-preview:large, max-video-preview:-1\" \/>\n<link rel=\"canonical\" href=\"https:\/\/logomo.fi\/en\/events\" \/>\n<meta property=\"og:locale\" content=\"en_US\" \/>\n<meta property=\"og:type\" content=\"article\" \/>\n<meta property=\"og:title\" content=\"Tilaisuudet Logomossa - Juhlat - H\u00e4\u00e4t - Asiakastilaisuudet - Turku\" \/>\n<meta property=\"og:description\" content=\"Tilaisuudet Logomossa. Logomo on iso talo, mutta \u00e4l\u00e4 anna koon h\u00e4mment\u00e4\u00e4. Logomo on t\u00e4ydellinen paikka monen kokoisille tilaisuuksille. Tilojen muunneltavuus on melkeinp\u00e4 rajaton. R\u00e4\u00e4t\u00e4l\u00f6imme tilamme tilaisuuttasi varten. Ota yhteytt\u00e4!\" \/>\n<meta property=\"og:url\" content=\"https:\/\/logomo.fi\/en\/events\" \/>\n<meta property=\"og:site_name\" content=\"Logomo\" \/>\n<meta property=\"article:publisher\" content=\"https:\/\/www.facebook.com\/logomoturku\/\" \/>\n<meta property=\"article:modified_time\" content=\"2019-05-06T11:07:34+00:00\" \/>\n<meta name=\"twitter:card\" content=\"summary_large_image\" \/>\n<meta name=\"twitter:site\" content=\"@logomoturku\" \/>\n<meta name=\"twitter:label1\" content=\"Est. reading time\" \/>\n\t<meta name=\"twitter:data1\" content=\"6 minutes\" \/>\n<script type=\"application\/ld+json\" class=\"yoast-schema-graph\">{\"@context\":\"https:\\\/\\\/schema.org\",\"@graph\":[{\"@type\":\"WebPage\",\"@id\":\"https:\\\/\\\/logomo.fi\\\/en\\\/events\",\"url\":\"https:\\\/\\\/logomo.fi\\\/en\\\/events\",\"name\":\"Tilaisuudet Logomossa - Juhlat - H\u00e4\u00e4t - Asiakastilaisuudet - Turku\",\"isPartOf\":{\"@id\":\"https:\\\/\\\/logomo.fi\\\/#website\"},\"datePublished\":\"2018-01-11T15:46:40+00:00\",\"dateModified\":\"2019-05-06T11:07:34+00:00\",\"description\":\"Tilaisuudet Logomossa. Logomo on iso talo, mutta \u00e4l\u00e4 anna koon h\u00e4mment\u00e4\u00e4. Logomo on t\u00e4ydellinen paikka monen kokoisille tilaisuuksille. Tilojen muunneltavuus on melkeinp\u00e4 rajaton. R\u00e4\u00e4t\u00e4l\u00f6imme tilamme tilaisuuttasi varten. Ota yhteytt\u00e4!\",\"breadcrumb\":{\"@id\":\"https:\\\/\\\/logomo.fi\\\/en\\\/events#breadcrumb\"},\"inLanguage\":\"en-US\",\"potentialAction\":[{\"@type\":\"ReadAction\",\"target\":[\"https:\\\/\\\/logomo.fi\\\/en\\\/events\"]}]},{\"@type\":\"BreadcrumbList\",\"@id\":\"https:\\\/\\\/logomo.fi\\\/en\\\/events#breadcrumb\",\"itemListElement\":[{\"@type\":\"ListItem\",\"position\":1,\"name\":\"Home\",\"item\":\"https:\\\/\\\/logomo.fi\\\/en\"},{\"@type\":\"ListItem\",\"position\":2,\"name\":\"Events\"}]},{\"@type\":\"WebSite\",\"@id\":\"https:\\\/\\\/logomo.fi\\\/#website\",\"url\":\"https:\\\/\\\/logomo.fi\\\/\",\"name\":\"Logomo\",\"description\":\"Tapahtumatalo Turku\",\"publisher\":{\"@id\":\"https:\\\/\\\/logomo.fi\\\/#organization\"},\"potentialAction\":[{\"@type\":\"SearchAction\",\"target\":{\"@type\":\"EntryPoint\",\"urlTemplate\":\"https:\\\/\\\/logomo.fi\\\/?s={search_term_string}\"},\"query-input\":{\"@type\":\"PropertyValueSpecification\",\"valueRequired\":true,\"valueName\":\"search_term_string\"}}],\"inLanguage\":\"en-US\"},{\"@type\":\"Organization\",\"@id\":\"https:\\\/\\\/logomo.fi\\\/#organization\",\"name\":\"Logomo Oy\",\"url\":\"https:\\\/\\\/logomo.fi\\\/\",\"logo\":{\"@type\":\"ImageObject\",\"inLanguage\":\"en-US\",\"@id\":\"https:\\\/\\\/logomo.fi\\\/#\\\/schema\\\/logo\\\/image\\\/\",\"url\":\"https:\\\/\\\/logomo.fi\\\/wp-content\\\/uploads\\\/2017\\\/10\\\/Logomo_Logo@2x.png\",\"contentUrl\":\"https:\\\/\\\/logomo.fi\\\/wp-content\\\/uploads\\\/2017\\\/10\\\/Logomo_Logo@2x.png\",\"width\":500,\"height\":531,\"caption\":\"Logomo Oy\"},\"image\":{\"@id\":\"https:\\\/\\\/logomo.fi\\\/#\\\/schema\\\/logo\\\/image\\\/\"},\"sameAs\":[\"https:\\\/\\\/www.facebook.com\\\/logomoturku\\\/\",\"https:\\\/\\\/x.com\\\/logomoturku\",\"https:\\\/\\\/www.instagram.com\\\/logomoturku\\\/\",\"https:\\\/\\\/www.linkedin.com\\\/company\\\/logomo\\\/\",\"https:\\\/\\\/www.youtube.com\\\/channel\\\/UC6QFjqZuwhMuGhA5D8zG-Vg\\\/videos\"]}]}<\/script>\n<!-- \/ Yoast SEO plugin. -->","yoast_head_json":{"title":"Tilaisuudet Logomossa - Juhlat - H\u00e4\u00e4t - Asiakastilaisuudet - Turku","description":"Tilaisuudet Logomossa. Logomo on iso talo, mutta \u00e4l\u00e4 anna koon h\u00e4mment\u00e4\u00e4. Logomo on t\u00e4ydellinen paikka monen kokoisille tilaisuuksille. Tilojen muunneltavuus on melkeinp\u00e4 rajaton. R\u00e4\u00e4t\u00e4l\u00f6imme tilamme tilaisuuttasi varten. Ota yhteytt\u00e4!","robots":{"index":"index","follow":"follow","max-snippet":"max-snippet:-1","max-image-preview":"max-image-preview:large","max-video-preview":"max-video-preview:-1"},"canonical":"https:\/\/logomo.fi\/en\/events","og_locale":"en_US","og_type":"article","og_title":"Tilaisuudet Logomossa - Juhlat - H\u00e4\u00e4t - Asiakastilaisuudet - Turku","og_description":"Tilaisuudet Logomossa. Logomo on iso talo, mutta \u00e4l\u00e4 anna koon h\u00e4mment\u00e4\u00e4. Logomo on t\u00e4ydellinen paikka monen kokoisille tilaisuuksille. Tilojen muunneltavuus on melkeinp\u00e4 rajaton. R\u00e4\u00e4t\u00e4l\u00f6imme tilamme tilaisuuttasi varten. Ota yhteytt\u00e4!","og_url":"https:\/\/logomo.fi\/en\/events","og_site_name":"Logomo","article_publisher":"https:\/\/www.facebook.com\/logomoturku\/","article_modified_time":"2019-05-06T11:07:34+00:00","twitter_card":"summary_large_image","twitter_site":"@logomoturku","twitter_misc":{"Est. reading time":"6 minutes"},"schema":{"@context":"https:\/\/schema.org","@graph":[{"@type":"WebPage","@id":"https:\/\/logomo.fi\/en\/events","url":"https:\/\/logomo.fi\/en\/events","name":"Tilaisuudet Logomossa - Juhlat - H\u00e4\u00e4t - Asiakastilaisuudet - Turku","isPartOf":{"@id":"https:\/\/logomo.fi\/#website"},"datePublished":"2018-01-11T15:46:40+00:00","dateModified":"2019-05-06T11:07:34+00:00","description":"Tilaisuudet Logomossa. Logomo on iso talo, mutta \u00e4l\u00e4 anna koon h\u00e4mment\u00e4\u00e4. Logomo on t\u00e4ydellinen paikka monen kokoisille tilaisuuksille. Tilojen muunneltavuus on melkeinp\u00e4 rajaton. R\u00e4\u00e4t\u00e4l\u00f6imme tilamme tilaisuuttasi varten. Ota yhteytt\u00e4!","breadcrumb":{"@id":"https:\/\/logomo.fi\/en\/events#breadcrumb"},"inLanguage":"en-US","potentialAction":[{"@type":"ReadAction","target":["https:\/\/logomo.fi\/en\/events"]}]},{"@type":"BreadcrumbList","@id":"https:\/\/logomo.fi\/en\/events#breadcrumb","itemListElement":[{"@type":"ListItem","position":1,"name":"Home","item":"https:\/\/logomo.fi\/en"},{"@type":"ListItem","position":2,"name":"Events"}]},{"@type":"WebSite","@id":"https:\/\/logomo.fi\/#website","url":"https:\/\/logomo.fi\/","name":"Logomo","description":"Tapahtumatalo Turku","publisher":{"@id":"https:\/\/logomo.fi\/#organization"},"potentialAction":[{"@type":"SearchAction","target":{"@type":"EntryPoint","urlTemplate":"https:\/\/logomo.fi\/?s={search_term_string}"},"query-input":{"@type":"PropertyValueSpecification","valueRequired":true,"valueName":"search_term_string"}}],"inLanguage":"en-US"},{"@type":"Organization","@id":"https:\/\/logomo.fi\/#organization","name":"Logomo Oy","url":"https:\/\/logomo.fi\/","logo":{"@type":"ImageObject","inLanguage":"en-US","@id":"https:\/\/logomo.fi\/#\/schema\/logo\/image\/","url":"https:\/\/logomo.fi\/wp-content\/uploads\/2017\/10\/Logomo_Logo@2x.png","contentUrl":"https:\/\/logomo.fi\/wp-content\/uploads\/2017\/10\/Logomo_Logo@2x.png","width":500,"height":531,"caption":"Logomo Oy"},"image":{"@id":"https:\/\/logomo.fi\/#\/schema\/logo\/image\/"},"sameAs":["https:\/\/www.facebook.com\/logomoturku\/","https:\/\/x.com\/logomoturku","https:\/\/www.instagram.com\/logomoturku\/","https:\/\/www.linkedin.com\/company\/logomo\/","https:\/\/www.youtube.com\/channel\/UC6QFjqZuwhMuGhA5D8zG-Vg\/videos"]}]}},"publishpress_future_action":{"enabled":false,"date":"2026-04-23 05:42:36","action":"change-status","newStatus":"draft","terms":[],"taxonomy":"translation_priority","extraData":[]},"publishpress_future_workflow_manual_trigger":{"enabledWorkflows":[]},"_links":{"self":[{"href":"https:\/\/logomo.fi\/en\/wp-json\/wp\/v2\/pages\/6618","targetHints":{"allow":["GET"]}}],"collection":[{"href":"https:\/\/logomo.fi\/en\/wp-json\/wp\/v2\/pages"}],"about":[{"href":"https:\/\/logomo.fi\/en\/wp-json\/wp\/v2\/types\/page"}],"author":[{"embeddable":true,"href":"https:\/\/logomo.fi\/en\/wp-json\/wp\/v2\/users\/1"}],"replies":[{"embeddable":true,"href":"https:\/\/logomo.fi\/en\/wp-json\/wp\/v2\/comments?post=6618"}],"version-history":[{"count":5,"href":"https:\/\/logomo.fi\/en\/wp-json\/wp\/v2\/pages\/6618\/revisions"}],"predecessor-version":[{"id":11636,"href":"https:\/\/logomo.fi\/en\/wp-json\/wp\/v2\/pages\/6618\/revisions\/11636"}],"wp:attachment":[{"href":"https:\/\/logomo.fi\/en\/wp-json\/wp\/v2\/media?parent=6618"}],"curies":[{"name":"wp","href":"https:\/\/api.w.org\/{rel}","templated":true}]}}