{"id":6624,"date":"2017-12-13T12:21:24","date_gmt":"2017-12-13T10:21:24","guid":{"rendered":"http:\/\/logomo.fi\/tapahtumapaketit"},"modified":"2018-07-06T09:14:43","modified_gmt":"2018-07-06T06:14:43","slug":"tapahtumapaketit","status":"publish","type":"page","link":"https:\/\/logomo.fi\/en\/tapahtumapaketit","title":{"rendered":"Tapahtumapaketit"},"content":{"rendered":"[vc_row type=&#8221;full_width_background&#8221; full_screen_row_position=&#8221;middle&#8221; equal_height=&#8221;yes&#8221; content_placement=&#8221;middle&#8221; scene_position=&#8221;center&#8221; text_color=&#8221;light&#8221; text_align=&#8221;center&#8221; top_padding=&#8221;80&#8243; bottom_padding=&#8221;25&#8243; overlay_strength=&#8221;0.3&#8243; shape_divider_position=&#8221;bottom&#8221; shape_type=&#8221;&#8221;][vc_column centered_text=&#8221;true&#8221; column_padding=&#8221;padding-5-percent&#8221; column_padding_position=&#8221;all&#8221; background_color=&#8221;#000000&#8243; background_color_opacity=&#8221;0.4&#8243; background_color_hover=&#8221;#000000&#8243; background_hover_color_opacity=&#8221;0.9&#8243; background_image=&#8221;45&#8243; enable_bg_scale=&#8221;true&#8221; column_shadow=&#8221;none&#8221; column_border_radius=&#8221;none&#8221; width=&#8221;1\/2&#8243; tablet_text_alignment=&#8221;default&#8221; phone_text_alignment=&#8221;default&#8221; column_border_width=&#8221;none&#8221; column_border_color=&#8221;#000000&#8243; column_border_style=&#8221;solid&#8221;][vc_column_text el_class=&#8221;hookoo&#8221;]\n<h2>Show &amp; Dinner -package<\/h2>\n[\/vc_column_text][divider line_type=&#8221;Small Line&#8221; line_thickness=&#8221;1&#8243; divider_color=&#8221;default&#8221; animate=&#8221;yes&#8221; custom_height=&#8221;30&#8243;][vc_column_text]<strong>Package includes:<\/strong><\/p>\n<ul>\n<li>High-end buffet dinner<\/li>\n<li>Reserved tables in the dining area<\/li>\n<li>Tickets for the show and coat check<\/li>\n<\/ul>\n[\/vc_column_text][nectar_btn size=&#8221;large&#8221; button_style=&#8221;regular&#8221; button_color_2=&#8221;Extra-Color-1&#8243; icon_family=&#8221;default_arrow&#8221; url=&#8221;\/show-dinner&#8221; text=&#8221;Lue lis\u00e4\u00e4 ja varaa paketti&#8221; margin_top=&#8221;30&#8243;][\/vc_column][vc_column centered_text=&#8221;true&#8221; column_padding=&#8221;padding-5-percent&#8221; column_padding_position=&#8221;all&#8221; background_color=&#8221;#000000&#8243; background_color_opacity=&#8221;0.3&#8243; background_color_hover=&#8221;#000000&#8243; background_hover_color_opacity=&#8221;0.8&#8243; background_image=&#8221;199&#8243; enable_bg_scale=&#8221;true&#8221; column_shadow=&#8221;none&#8221; column_border_radius=&#8221;none&#8221; width=&#8221;1\/2&#8243; tablet_text_alignment=&#8221;default&#8221; phone_text_alignment=&#8221;default&#8221; column_border_width=&#8221;none&#8221; column_border_style=&#8221;solid&#8221;][vc_column_text el_class=&#8221;hookoo&#8221;]\n<h2>Box seat package<\/h2>\n[\/vc_column_text][divider line_type=&#8221;Small Line&#8221; line_thickness=&#8221;1&#8243; divider_color=&#8221;default&#8221; animate=&#8221;yes&#8221; custom_height=&#8221;30&#8243;][vc_column_text]<strong>Paketti sis\u00e4lt\u00e4\u00e4:<\/strong><\/p>\n<ul>\n<li>Logomon tapahtuma aitiopaikalta<\/li>\n<li>Tarjoilu toiveiden mukaan<\/li>\n<li>Valitse useista aitiovaihtoehdoista mieleisesi<\/li>\n<\/ul>\n[\/vc_column_text][nectar_btn size=&#8221;large&#8221; button_style=&#8221;regular&#8221; button_color_2=&#8221;Extra-Color-1&#8243; icon_family=&#8221;default_arrow&#8221; url=&#8221;\/aitiopaketit&#8221; text=&#8221;Lue lis\u00e4\u00e4 ja varaa paketti&#8221; margin_top=&#8221;30&#8243;][\/vc_column][\/vc_row][vc_row type=&#8221;full_width_background&#8221; full_screen_row_position=&#8221;middle&#8221; equal_height=&#8221;yes&#8221; content_placement=&#8221;middle&#8221; scene_position=&#8221;center&#8221; text_color=&#8221;light&#8221; text_align=&#8221;left&#8221; bottom_padding=&#8221;15&#8243; overlay_strength=&#8221;0.3&#8243; shape_divider_position=&#8221;bottom&#8221; shape_type=&#8221;&#8221;][vc_column centered_text=&#8221;true&#8221; column_padding=&#8221;padding-5-percent&#8221; column_padding_position=&#8221;all&#8221; background_color=&#8221;#000000&#8243; background_color_opacity=&#8221;1&#8243; background_hover_color_opacity=&#8221;1&#8243; font_color=&#8221;#ffffff&#8221; column_shadow=&#8221;none&#8221; column_border_radius=&#8221;none&#8221; width=&#8221;1\/2&#8243; tablet_text_alignment=&#8221;default&#8221; phone_text_alignment=&#8221;default&#8221; column_border_width=&#8221;none&#8221; column_border_color=&#8221;#000000&#8243; column_border_style=&#8221;solid&#8221;][vc_column_text el_class=&#8221;hookoo&#8221;]\n<h2>Event packages<br \/>\ngroup sales &amp; booking<\/h2>\n[\/vc_column_text][divider line_type=&#8221;Small Line&#8221; line_thickness=&#8221;1&#8243; divider_color=&#8221;default&#8221; animate=&#8221;yes&#8221; custom_height=&#8221;30&#8243;][vc_column_text el_class=&#8221;linkki&#8221;]<a href=\"tel:0600900900\">0600 900 900<\/a><br \/>\n(2,00 \u20ac\/min+local rate)<br \/>\nMon\u2013Sat 9am\u20139pm,\u00a0Sun 10am\u20136pm<br \/>\nOpening times may vary during holidays<br \/>\nEmail:\u00a0<a href=\"mailto:ryhmat@lippu.fi\">ryhmat@lippu.fi<\/a><\/p>\n<p><strong>Individual event packages can be booked through <a href=\"http:\/\/www.lippu.fi\/\">Lippupiste<\/a>:<\/strong><\/p>\n<p><a href=\"tel:0600900900\">0600 900 900<\/a><br \/>\n(2,00 \u20ac\/min+local rate)<br \/>\nMon \u2013 Sat 9am \u2013 9pm,\u00a0Sun 10am \u2013 6pm<br \/>\nOpening times may vary during holidays<br \/>\n<a href=\"http:\/\/www.lippu.fi\/\" target=\"_blank\" rel=\"noopener noreferrer\">www.lippu.fi<\/a>[\/vc_column_text][\/vc_column][vc_column column_padding=&#8221;no-extra-padding&#8221; column_padding_position=&#8221;all&#8221; background_color_opacity=&#8221;1&#8243; background_hover_color_opacity=&#8221;1&#8243; font_color=&#8221;#000000&#8243; column_shadow=&#8221;none&#8221; column_border_radius=&#8221;none&#8221; el_class=&#8221;musta&#8221; width=&#8221;1\/2&#8243; tablet_text_alignment=&#8221;default&#8221; phone_text_alignment=&#8221;default&#8221; column_border_width=&#8221;none&#8221; column_border_style=&#8221;solid&#8221;][vc_row_inner column_margin=&#8221;default&#8221; text_align=&#8221;left&#8221;][vc_column_inner column_padding=&#8221;padding-8-percent&#8221; column_padding_position=&#8221;all&#8221; background_color=&#8221;#f9f9f9&#8243; background_color_opacity=&#8221;1&#8243; background_hover_color_opacity=&#8221;1&#8243; column_shadow=&#8221;none&#8221; column_border_radius=&#8221;none&#8221; el_class=&#8221;musta&#8221; width=&#8221;1\/1&#8243; column_border_width=&#8221;none&#8221; column_border_style=&#8221;solid&#8221;][vc_column_text el_class=&#8221;musta&#8221;]\n<h3>Yhdist\u00e4 kokouspakettisi viihteeseen!<\/h3>\n[\/vc_column_text][vc_column_text el_class=&#8221;musta&#8221;]Mikset yhdist\u00e4isi kokousta viihteeseen? Valitse omaan tarkoitukseesi parhaiten sopiva kokouspaketti valikoimastamme.[\/vc_column_text][nectar_btn size=&#8221;large&#8221; button_style=&#8221;regular&#8221; button_color_2=&#8221;Extra-Color-1&#8243; icon_family=&#8221;default_arrow&#8221; url=&#8221;\/kokouspaketit&#8221; text=&#8221;Tutustu&#8221; margin_top=&#8221;5&#8243;][\/vc_column_inner][\/vc_row_inner][vc_row_inner column_margin=&#8221;default&#8221; text_align=&#8221;left&#8221;][vc_column_inner column_padding=&#8221;padding-8-percent&#8221; column_padding_position=&#8221;all&#8221; background_color=&#8221;#f9f9f9&#8243; background_color_opacity=&#8221;1&#8243; background_hover_color_opacity=&#8221;1&#8243; column_shadow=&#8221;none&#8221; column_border_radius=&#8221;none&#8221; el_class=&#8221;musta&#8221; width=&#8221;1\/1&#8243; column_border_width=&#8221;none&#8221; column_border_style=&#8221;solid&#8221;][vc_column_text el_class=&#8221;musta&#8221;]\n<h3>Sinun pakettisi, toiveesi mukaan<\/h3>\n[\/vc_column_text][vc_column_text el_class=&#8221;musta&#8221;]R\u00e4\u00e4t\u00e4l\u00f6imme sinulle sopivan paketin toiveidesi mukaan. Sin\u00e4 p\u00e4\u00e4t\u00e4t pakettisi sis\u00e4ll\u00f6n![\/vc_column_text][nectar_btn size=&#8221;large&#8221; button_style=&#8221;regular&#8221; button_color_2=&#8221;Extra-Color-1&#8243; icon_family=&#8221;default_arrow&#8221; url=&#8221;\/show-dinner&#8221; text=&#8221;Pyyd\u00e4 tarjous&#8221; margin_top=&#8221;5&#8243;][\/vc_column_inner][\/vc_row_inner][\/vc_column][\/vc_row][vc_row type=&#8221;in_container&#8221; full_screen_row_position=&#8221;middle&#8221; scene_position=&#8221;center&#8221; text_color=&#8221;light&#8221; text_align=&#8221;center&#8221; top_padding=&#8221;15&#8243; bottom_padding=&#8221;40&#8243; class=&#8221;hookoo&#8221; overlay_strength=&#8221;0.3&#8243; shape_divider_position=&#8221;bottom&#8221; shape_type=&#8221;&#8221;][vc_column column_padding=&#8221;padding-5-percent&#8221; column_padding_position=&#8221;all&#8221; background_color=&#8221;#000000&#8243; background_color_opacity=&#8221;1&#8243; background_hover_color_opacity=&#8221;1&#8243; column_shadow=&#8221;none&#8221; column_border_radius=&#8221;none&#8221; el_class=&#8221;hookoo&#8221; width=&#8221;1\/1&#8243; tablet_text_alignment=&#8221;default&#8221; phone_text_alignment=&#8221;default&#8221; column_border_width=&#8221;none&#8221; column_border_style=&#8221;solid&#8221;][vc_column_text el_class=&#8221;hookoo&#8221;]\n<h3>Logomo event packages and box seating are a great option for corporate events, casual evenings and pre-Christmas parties.<\/h3>\n<h3>Event packages are the easiest way to organise a party; you choose the event and we handle the rest.<\/h3>\n<h3>A spectacular show combined with quality service guarantees an unforgettable event for your guests.<\/h3>\n[\/vc_column_text][\/vc_column][\/vc_row]\n","protected":false},"excerpt":{"rendered":"<p>[vc_row type=&#8221;full_width_background&#8221; full_screen_row_position=&#8221;middle&#8221; equal_height=&#8221;yes&#8221; content_placement=&#8221;middle&#8221; scene_position=&#8221;center&#8221; text_color=&#8221;light&#8221; text_align=&#8221;center&#8221; top_padding=&#8221;80&#8243; bottom_padding=&#8221;25&#8243; overlay_strength=&#8221;0.3&#8243; shape_divider_position=&#8221;bottom&#8221; shape_type=&#8221;&#8221;][vc_column centered_text=&#8221;true&#8221; column_padding=&#8221;padding-5-percent&#8221; column_padding_position=&#8221;all&#8221; background_color=&#8221;#000000&#8243; background_color_opacity=&#8221;0.4&#8243; background_color_hover=&#8221;#000000&#8243; background_hover_color_opacity=&#8221;0.9&#8243; background_image=&#8221;45&#8243; enable_bg_scale=&#8221;true&#8221; column_shadow=&#8221;none&#8221; column_border_radius=&#8221;none&#8221; width=&#8221;1\/2&#8243; tablet_text_alignment=&#8221;default&#8221; phone_text_alignment=&#8221;default&#8221; column_border_width=&#8221;none&#8221; column_border_color=&#8221;#000000&#8243; column_border_style=&#8221;solid&#8221;][vc_column_text&#8230;<\/p>\n","protected":false},"author":1,"featured_media":0,"parent":0,"menu_order":0,"comment_status":"closed","ping_status":"closed","template":"","meta":{"_acf_changed":false,"footnotes":""},"class_list":["post-6624","page","type-page","status-publish"],"acf":[],"yoast_head":"<!-- This site is optimized with the Yoast SEO plugin v27.4 - https:\/\/yoast.com\/product\/yoast-seo-wordpress\/ -->\n<title>Tapahtumapaketit - Logomo<\/title>\n<meta name=\"robots\" content=\"index, follow, max-snippet:-1, max-image-preview:large, max-video-preview:-1\" \/>\n<link rel=\"canonical\" href=\"https:\/\/logomo.fi\/en\/tapahtumapaketit\" \/>\n<meta property=\"og:locale\" content=\"en_US\" \/>\n<meta property=\"og:type\" content=\"article\" \/>\n<meta property=\"og:title\" content=\"Tapahtumapaketit - Logomo\" \/>\n<meta property=\"og:description\" content=\"[vc_row type=&#8221;full_width_background&#8221; full_screen_row_position=&#8221;middle&#8221; equal_height=&#8221;yes&#8221; content_placement=&#8221;middle&#8221; scene_position=&#8221;center&#8221; text_color=&#8221;light&#8221; text_align=&#8221;center&#8221; top_padding=&#8221;80&#8243; bottom_padding=&#8221;25&#8243; overlay_strength=&#8221;0.3&#8243; shape_divider_position=&#8221;bottom&#8221; shape_type=&#8221;&#8221;][vc_column centered_text=&#8221;true&#8221; column_padding=&#8221;padding-5-percent&#8221; column_padding_position=&#8221;all&#8221; background_color=&#8221;#000000&#8243; background_color_opacity=&#8221;0.4&#8243; background_color_hover=&#8221;#000000&#8243; background_hover_color_opacity=&#8221;0.9&#8243; background_image=&#8221;45&#8243; enable_bg_scale=&#8221;true&#8221; column_shadow=&#8221;none&#8221; column_border_radius=&#8221;none&#8221; width=&#8221;1\/2&#8243; tablet_text_alignment=&#8221;default&#8221; phone_text_alignment=&#8221;default&#8221; column_border_width=&#8221;none&#8221; column_border_color=&#8221;#000000&#8243; column_border_style=&#8221;solid&#8221;][vc_column_text...\" \/>\n<meta property=\"og:url\" content=\"https:\/\/logomo.fi\/en\/tapahtumapaketit\" \/>\n<meta property=\"og:site_name\" content=\"Logomo\" \/>\n<meta property=\"article:publisher\" content=\"https:\/\/www.facebook.com\/logomoturku\/\" \/>\n<meta property=\"article:modified_time\" content=\"2018-07-06T06:14:43+00:00\" \/>\n<meta name=\"twitter:card\" content=\"summary_large_image\" \/>\n<meta name=\"twitter:site\" content=\"@logomoturku\" \/>\n<meta name=\"twitter:label1\" content=\"Est. reading time\" \/>\n\t<meta name=\"twitter:data1\" content=\"4 minutes\" \/>\n<script type=\"application\/ld+json\" class=\"yoast-schema-graph\">{\"@context\":\"https:\\\/\\\/schema.org\",\"@graph\":[{\"@type\":\"WebPage\",\"@id\":\"https:\\\/\\\/logomo.fi\\\/en\\\/tapahtumapaketit\",\"url\":\"https:\\\/\\\/logomo.fi\\\/en\\\/tapahtumapaketit\",\"name\":\"Tapahtumapaketit - Logomo\",\"isPartOf\":{\"@id\":\"https:\\\/\\\/logomo.fi\\\/#website\"},\"datePublished\":\"2017-12-13T10:21:24+00:00\",\"dateModified\":\"2018-07-06T06:14:43+00:00\",\"breadcrumb\":{\"@id\":\"https:\\\/\\\/logomo.fi\\\/en\\\/tapahtumapaketit#breadcrumb\"},\"inLanguage\":\"en-US\",\"potentialAction\":[{\"@type\":\"ReadAction\",\"target\":[\"https:\\\/\\\/logomo.fi\\\/en\\\/tapahtumapaketit\"]}]},{\"@type\":\"BreadcrumbList\",\"@id\":\"https:\\\/\\\/logomo.fi\\\/en\\\/tapahtumapaketit#breadcrumb\",\"itemListElement\":[{\"@type\":\"ListItem\",\"position\":1,\"name\":\"Home\",\"item\":\"https:\\\/\\\/logomo.fi\\\/en\"},{\"@type\":\"ListItem\",\"position\":2,\"name\":\"Tapahtumapaketit\"}]},{\"@type\":\"WebSite\",\"@id\":\"https:\\\/\\\/logomo.fi\\\/#website\",\"url\":\"https:\\\/\\\/logomo.fi\\\/\",\"name\":\"Logomo\",\"description\":\"Tapahtumatalo Turku\",\"publisher\":{\"@id\":\"https:\\\/\\\/logomo.fi\\\/#organization\"},\"potentialAction\":[{\"@type\":\"SearchAction\",\"target\":{\"@type\":\"EntryPoint\",\"urlTemplate\":\"https:\\\/\\\/logomo.fi\\\/?s={search_term_string}\"},\"query-input\":{\"@type\":\"PropertyValueSpecification\",\"valueRequired\":true,\"valueName\":\"search_term_string\"}}],\"inLanguage\":\"en-US\"},{\"@type\":\"Organization\",\"@id\":\"https:\\\/\\\/logomo.fi\\\/#organization\",\"name\":\"Logomo Oy\",\"url\":\"https:\\\/\\\/logomo.fi\\\/\",\"logo\":{\"@type\":\"ImageObject\",\"inLanguage\":\"en-US\",\"@id\":\"https:\\\/\\\/logomo.fi\\\/#\\\/schema\\\/logo\\\/image\\\/\",\"url\":\"https:\\\/\\\/logomo.fi\\\/wp-content\\\/uploads\\\/2017\\\/10\\\/Logomo_Logo@2x.png\",\"contentUrl\":\"https:\\\/\\\/logomo.fi\\\/wp-content\\\/uploads\\\/2017\\\/10\\\/Logomo_Logo@2x.png\",\"width\":500,\"height\":531,\"caption\":\"Logomo Oy\"},\"image\":{\"@id\":\"https:\\\/\\\/logomo.fi\\\/#\\\/schema\\\/logo\\\/image\\\/\"},\"sameAs\":[\"https:\\\/\\\/www.facebook.com\\\/logomoturku\\\/\",\"https:\\\/\\\/x.com\\\/logomoturku\",\"https:\\\/\\\/www.instagram.com\\\/logomoturku\\\/\",\"https:\\\/\\\/www.linkedin.com\\\/company\\\/logomo\\\/\",\"https:\\\/\\\/www.youtube.com\\\/channel\\\/UC6QFjqZuwhMuGhA5D8zG-Vg\\\/videos\"]}]}<\/script>\n<!-- \/ Yoast SEO plugin. -->","yoast_head_json":{"title":"Tapahtumapaketit - Logomo","robots":{"index":"index","follow":"follow","max-snippet":"max-snippet:-1","max-image-preview":"max-image-preview:large","max-video-preview":"max-video-preview:-1"},"canonical":"https:\/\/logomo.fi\/en\/tapahtumapaketit","og_locale":"en_US","og_type":"article","og_title":"Tapahtumapaketit - Logomo","og_description":"[vc_row type=&#8221;full_width_background&#8221; full_screen_row_position=&#8221;middle&#8221; equal_height=&#8221;yes&#8221; content_placement=&#8221;middle&#8221; scene_position=&#8221;center&#8221; text_color=&#8221;light&#8221; text_align=&#8221;center&#8221; top_padding=&#8221;80&#8243; bottom_padding=&#8221;25&#8243; overlay_strength=&#8221;0.3&#8243; shape_divider_position=&#8221;bottom&#8221; shape_type=&#8221;&#8221;][vc_column centered_text=&#8221;true&#8221; column_padding=&#8221;padding-5-percent&#8221; column_padding_position=&#8221;all&#8221; background_color=&#8221;#000000&#8243; background_color_opacity=&#8221;0.4&#8243; background_color_hover=&#8221;#000000&#8243; background_hover_color_opacity=&#8221;0.9&#8243; background_image=&#8221;45&#8243; enable_bg_scale=&#8221;true&#8221; column_shadow=&#8221;none&#8221; column_border_radius=&#8221;none&#8221; width=&#8221;1\/2&#8243; tablet_text_alignment=&#8221;default&#8221; phone_text_alignment=&#8221;default&#8221; column_border_width=&#8221;none&#8221; column_border_color=&#8221;#000000&#8243; column_border_style=&#8221;solid&#8221;][vc_column_text...","og_url":"https:\/\/logomo.fi\/en\/tapahtumapaketit","og_site_name":"Logomo","article_publisher":"https:\/\/www.facebook.com\/logomoturku\/","article_modified_time":"2018-07-06T06:14:43+00:00","twitter_card":"summary_large_image","twitter_site":"@logomoturku","twitter_misc":{"Est. reading time":"4 minutes"},"schema":{"@context":"https:\/\/schema.org","@graph":[{"@type":"WebPage","@id":"https:\/\/logomo.fi\/en\/tapahtumapaketit","url":"https:\/\/logomo.fi\/en\/tapahtumapaketit","name":"Tapahtumapaketit - Logomo","isPartOf":{"@id":"https:\/\/logomo.fi\/#website"},"datePublished":"2017-12-13T10:21:24+00:00","dateModified":"2018-07-06T06:14:43+00:00","breadcrumb":{"@id":"https:\/\/logomo.fi\/en\/tapahtumapaketit#breadcrumb"},"inLanguage":"en-US","potentialAction":[{"@type":"ReadAction","target":["https:\/\/logomo.fi\/en\/tapahtumapaketit"]}]},{"@type":"BreadcrumbList","@id":"https:\/\/logomo.fi\/en\/tapahtumapaketit#breadcrumb","itemListElement":[{"@type":"ListItem","position":1,"name":"Home","item":"https:\/\/logomo.fi\/en"},{"@type":"ListItem","position":2,"name":"Tapahtumapaketit"}]},{"@type":"WebSite","@id":"https:\/\/logomo.fi\/#website","url":"https:\/\/logomo.fi\/","name":"Logomo","description":"Tapahtumatalo Turku","publisher":{"@id":"https:\/\/logomo.fi\/#organization"},"potentialAction":[{"@type":"SearchAction","target":{"@type":"EntryPoint","urlTemplate":"https:\/\/logomo.fi\/?s={search_term_string}"},"query-input":{"@type":"PropertyValueSpecification","valueRequired":true,"valueName":"search_term_string"}}],"inLanguage":"en-US"},{"@type":"Organization","@id":"https:\/\/logomo.fi\/#organization","name":"Logomo Oy","url":"https:\/\/logomo.fi\/","logo":{"@type":"ImageObject","inLanguage":"en-US","@id":"https:\/\/logomo.fi\/#\/schema\/logo\/image\/","url":"https:\/\/logomo.fi\/wp-content\/uploads\/2017\/10\/Logomo_Logo@2x.png","contentUrl":"https:\/\/logomo.fi\/wp-content\/uploads\/2017\/10\/Logomo_Logo@2x.png","width":500,"height":531,"caption":"Logomo Oy"},"image":{"@id":"https:\/\/logomo.fi\/#\/schema\/logo\/image\/"},"sameAs":["https:\/\/www.facebook.com\/logomoturku\/","https:\/\/x.com\/logomoturku","https:\/\/www.instagram.com\/logomoturku\/","https:\/\/www.linkedin.com\/company\/logomo\/","https:\/\/www.youtube.com\/channel\/UC6QFjqZuwhMuGhA5D8zG-Vg\/videos"]}]}},"publishpress_future_action":{"enabled":false,"date":"2026-04-29 02:32:02","action":"change-status","newStatus":"draft","terms":[],"taxonomy":"translation_priority","extraData":[]},"publishpress_future_workflow_manual_trigger":{"enabledWorkflows":[]},"_links":{"self":[{"href":"https:\/\/logomo.fi\/en\/wp-json\/wp\/v2\/pages\/6624","targetHints":{"allow":["GET"]}}],"collection":[{"href":"https:\/\/logomo.fi\/en\/wp-json\/wp\/v2\/pages"}],"about":[{"href":"https:\/\/logomo.fi\/en\/wp-json\/wp\/v2\/types\/page"}],"author":[{"embeddable":true,"href":"https:\/\/logomo.fi\/en\/wp-json\/wp\/v2\/users\/1"}],"replies":[{"embeddable":true,"href":"https:\/\/logomo.fi\/en\/wp-json\/wp\/v2\/comments?post=6624"}],"version-history":[{"count":2,"href":"https:\/\/logomo.fi\/en\/wp-json\/wp\/v2\/pages\/6624\/revisions"}],"predecessor-version":[{"id":7011,"href":"https:\/\/logomo.fi\/en\/wp-json\/wp\/v2\/pages\/6624\/revisions\/7011"}],"wp:attachment":[{"href":"https:\/\/logomo.fi\/en\/wp-json\/wp\/v2\/media?parent=6624"}],"curies":[{"name":"wp","href":"https:\/\/api.w.org\/{rel}","templated":true}]}}