{"id":6631,"date":"2017-10-25T14:44:06","date_gmt":"2017-10-25T11:44:06","guid":{"rendered":"http:\/\/logomo.fi\/jarjesta-tilaisuus"},"modified":"2019-05-09T12:25:51","modified_gmt":"2019-05-09T09:25:51","slug":"planning-an-event-on-logomo","status":"publish","type":"page","link":"https:\/\/logomo.fi\/en\/planning-an-event-on-logomo","title":{"rendered":"Planning an event at Logomo"},"content":{"rendered":"[vc_row type=&#8221;full_width_background&#8221; full_screen_row_position=&#8221;middle&#8221; bg_image=&#8221;11301&#8243; bg_position=&#8221;center center&#8221; bg_repeat=&#8221;no-repeat&#8221; scene_position=&#8221;center&#8221; text_color=&#8221;light&#8221; text_align=&#8221;left&#8221; top_padding=&#8221;15%&#8221; bottom_padding=&#8221;10%&#8221; color_overlay=&#8221;#0a0a0a&#8221; overlay_strength=&#8221;0.3&#8243; shape_divider_position=&#8221;bottom&#8221; bg_image_animation=&#8221;none&#8221; shape_type=&#8221;&#8221;][vc_column column_padding=&#8221;no-extra-padding&#8221; column_padding_position=&#8221;all&#8221; background_color_opacity=&#8221;1&#8243; background_hover_color_opacity=&#8221;1&#8243; column_link_target=&#8221;_self&#8221; column_shadow=&#8221;none&#8221; column_border_radius=&#8221;none&#8221; width=&#8221;1\/1&#8243; tablet_width_inherit=&#8221;default&#8221; tablet_text_alignment=&#8221;default&#8221; phone_text_alignment=&#8221;default&#8221; column_border_width=&#8221;none&#8221; column_border_style=&#8221;solid&#8221; bg_image_animation=&#8221;none&#8221;][vc_custom_heading text=&#8221;Planning an event at Logomo&#8221; font_container=&#8221;tag:h1|text_align:left|color:%23ffffff&#8221; use_theme_fonts=&#8221;yes&#8221;][vc_custom_heading text=&#8221;A venue complex for events of all sizes&#8221; font_container=&#8221;tag:h6|text_align:left|color:%23ffffff&#8221; use_theme_fonts=&#8221;yes&#8221;][\/vc_column][\/vc_row][vc_row type=&#8221;full_width_background&#8221; full_screen_row_position=&#8221;middle&#8221; equal_height=&#8221;yes&#8221; content_placement=&#8221;top&#8221; scene_position=&#8221;center&#8221; text_color=&#8221;light&#8221; text_align=&#8221;center&#8221; top_padding=&#8221;80&#8243; bottom_padding=&#8221;15&#8243; overlay_strength=&#8221;0.3&#8243; shape_divider_position=&#8221;bottom&#8221; bg_image_animation=&#8221;none&#8221;][vc_column centered_text=&#8221;true&#8221; column_padding=&#8221;padding-5-percent&#8221; column_padding_position=&#8221;all&#8221; background_color=&#8221;#000000&#8243; background_color_opacity=&#8221;0.6&#8243; background_color_hover=&#8221;#000000&#8243; background_hover_color_opacity=&#8221;0.9&#8243; background_image=&#8221;241&#8243; enable_bg_scale=&#8221;true&#8221; column_link_target=&#8221;_self&#8221; column_shadow=&#8221;none&#8221; column_border_radius=&#8221;none&#8221; width=&#8221;1\/3&#8243; tablet_width_inherit=&#8221;default&#8221; tablet_text_alignment=&#8221;default&#8221; phone_text_alignment=&#8221;default&#8221; column_border_width=&#8221;none&#8221; column_border_color=&#8221;#000000&#8243; column_border_style=&#8221;solid&#8221; bg_image_animation=&#8221;none&#8221;][vc_column_text]\n<h2>Events<\/h2>\n[\/vc_column_text][divider line_type=&#8221;Small Line&#8221; line_alignment=&#8221;default&#8221; line_thickness=&#8221;1&#8243; divider_color=&#8221;default&#8221; animate=&#8221;yes&#8221; custom_height=&#8221;30&#8243;][vc_column_text]Logomo is an extremely large complex, but don\u2019t let its size overwhelm you. It\u00b4s the perfect place for events of all sizes. The adaptability of our facilities is nearly unparalleled. We tailor our spaces and services to fit your occasion![\/vc_column_text][nectar_btn size=&#8221;large&#8221; button_style=&#8221;regular&#8221; button_color_2=&#8221;Extra-Color-1&#8243; icon_family=&#8221;default_arrow&#8221; url=&#8221;https:\/\/logomo.fi\/en\/events&#8221; text=&#8221;Choose an event&#8221; margin_top=&#8221;30&#8243;][\/vc_column][vc_column centered_text=&#8221;true&#8221; column_padding=&#8221;padding-5-percent&#8221; column_padding_position=&#8221;all&#8221; background_color=&#8221;#000000&#8243; background_color_opacity=&#8221;0.5&#8243; background_color_hover=&#8221;#000000&#8243; background_hover_color_opacity=&#8221;0.8&#8243; background_image=&#8221;240&#8243; enable_bg_scale=&#8221;true&#8221; column_link_target=&#8221;_self&#8221; column_shadow=&#8221;none&#8221; column_border_radius=&#8221;none&#8221; width=&#8221;1\/3&#8243; tablet_width_inherit=&#8221;default&#8221; tablet_text_alignment=&#8221;default&#8221; phone_text_alignment=&#8221;default&#8221; column_border_width=&#8221;none&#8221; column_border_style=&#8221;solid&#8221; bg_image_animation=&#8221;none&#8221;][vc_column_text]\n<h2>Venues<\/h2>\n[\/vc_column_text][divider line_type=&#8221;Small Line&#8221; line_alignment=&#8221;default&#8221; line_thickness=&#8221;1&#8243; divider_color=&#8221;default&#8221; animate=&#8221;yes&#8221; custom_height=&#8221;30&#8243;][vc_column_text]Logomo offers various venue options from small meeting rooms to a concert hall that can accommodate up to 3,500 people. All our venues are equipped with Wi-Fi and modern technology.[\/vc_column_text][nectar_btn size=&#8221;large&#8221; button_style=&#8221;regular&#8221; button_color_2=&#8221;Extra-Color-1&#8243; icon_family=&#8221;default_arrow&#8221; url=&#8221;https:\/\/logomo.fi\/en\/venues&#8221; text=&#8221;Venue options&#8221; margin_top=&#8221;30&#8243;][\/vc_column][vc_column centered_text=&#8221;true&#8221; column_padding=&#8221;padding-5-percent&#8221; column_padding_position=&#8221;all&#8221; background_color=&#8221;#000000&#8243; background_color_opacity=&#8221;0.5&#8243; background_color_hover=&#8221;#000000&#8243; background_hover_color_opacity=&#8221;0.8&#8243; background_image=&#8221;239&#8243; enable_bg_scale=&#8221;true&#8221; column_link_target=&#8221;_self&#8221; column_shadow=&#8221;none&#8221; column_border_radius=&#8221;none&#8221; width=&#8221;1\/3&#8243; tablet_width_inherit=&#8221;default&#8221; tablet_text_alignment=&#8221;default&#8221; phone_text_alignment=&#8221;default&#8221; column_border_width=&#8221;none&#8221; column_border_style=&#8221;solid&#8221; bg_image_animation=&#8221;none&#8221;][vc_column_text]\n<h2>Information for organisers<\/h2>\n[\/vc_column_text][divider line_type=&#8221;Small Line&#8221; line_alignment=&#8221;default&#8221; line_thickness=&#8221;1&#8243; divider_color=&#8221;default&#8221; animate=&#8221;yes&#8221; custom_height=&#8221;30&#8243;][vc_column_text]We provide versatile venue spaces and services for any event or occasion of any size. If you\u2019re interested in hosting an event at Logomo, please contact our sales team.[\/vc_column_text][nectar_btn size=&#8221;large&#8221; button_style=&#8221;regular&#8221; button_color_2=&#8221;Extra-Color-1&#8243; icon_family=&#8221;default_arrow&#8221; url=&#8221;https:\/\/logomo.fi\/en\/information-for-organisers&#8221; text=&#8221;Contact us!&#8221; margin_top=&#8221;30&#8243;][\/vc_column][\/vc_row][vc_row type=&#8221;in_container&#8221; full_screen_row_position=&#8221;middle&#8221; scene_position=&#8221;center&#8221; text_color=&#8221;light&#8221; text_align=&#8221;center&#8221; top_padding=&#8221;10&#8243; overlay_strength=&#8221;0.3&#8243; shape_divider_position=&#8221;both&#8221; shape_divider_height=&#8221;20&#8243; shape_divider_bring_to_front=&#8221;true&#8221; bg_image_animation=&#8221;none&#8221; shape_type=&#8221;&#8221;][vc_column centered_text=&#8221;true&#8221; column_padding=&#8221;padding-5-percent&#8221; column_padding_position=&#8221;all&#8221; background_color=&#8221;#e5007d&#8221; background_color_opacity=&#8221;1&#8243; background_color_hover=&#8221;#d80077&#8243; background_hover_color_opacity=&#8221;1&#8243; column_link_target=&#8221;_blank&#8221; column_shadow=&#8221;none&#8221; column_border_radius=&#8221;none&#8221; width=&#8221;1\/1&#8243; tablet_width_inherit=&#8221;default&#8221; tablet_text_alignment=&#8221;default&#8221; phone_text_alignment=&#8221;default&#8221; column_border_width=&#8221;none&#8221; column_border_style=&#8221;solid&#8221; bg_image_animation=&#8221;none&#8221;][vc_column_text el_class=&#8221;tarjous&#8221;]\n<h3>INTERESTED?<\/h3>\n[\/vc_column_text][divider line_type=&#8221;Small Line&#8221; line_alignment=&#8221;default&#8221; line_thickness=&#8221;1&#8243; divider_color=&#8221;default&#8221; animate=&#8221;yes&#8221; custom_height=&#8221;20&#8243;][vc_column_text el_class=&#8221;tarjous&#8221;]Request a quote by filling in the <a href=\"\/en\/request-a-quote\">form<\/a> and we will get back to you as soon as possible.<br \/>\nYou can reach us at <a href=\"tel:+358291234808\">+358 29 123 4808<\/a> or write us an email <a href=\"mailto:myynti@logomo.fi\">myynti@logomo.fi<\/a>.[\/vc_column_text][\/vc_column][\/vc_row][vc_row type=&#8221;in_container&#8221; full_screen_row_position=&#8221;middle&#8221; scene_position=&#8221;center&#8221; text_color=&#8221;light&#8221; text_align=&#8221;center&#8221; bottom_padding=&#8221;40&#8243; overlay_strength=&#8221;0.3&#8243; shape_divider_position=&#8221;bottom&#8221; bg_image_animation=&#8221;none&#8221; shape_type=&#8221;&#8221;][vc_column column_padding=&#8221;padding-5-percent&#8221; column_padding_position=&#8221;all&#8221; background_color=&#8221;#000000&#8243; background_color_opacity=&#8221;1&#8243; background_hover_color_opacity=&#8221;1&#8243; column_link_target=&#8221;_self&#8221; column_shadow=&#8221;none&#8221; column_border_radius=&#8221;none&#8221; width=&#8221;1\/1&#8243; tablet_width_inherit=&#8221;default&#8221; tablet_text_alignment=&#8221;default&#8221; phone_text_alignment=&#8221;default&#8221; column_border_width=&#8221;none&#8221; column_border_style=&#8221;solid&#8221; bg_image_animation=&#8221;none&#8221;][vc_column_text]\n<h3>Logomo is a unique building complex filled with adaptable venue spaces to suit all occasions from intimate family celebrations to huge corporate events.<\/h3>\n<h3>The competent and experienced personnel at Logomo will help you to ensure the best possible solution, and our catering partner, Sunborn Catering, will further enhance the experience by providing you with the ideal spread to specifically meet your vision for the event.<\/h3>\n[\/vc_column_text][\/vc_column][\/vc_row]\n","protected":false},"excerpt":{"rendered":"<p>[vc_row type=&#8221;full_width_background&#8221; full_screen_row_position=&#8221;middle&#8221; bg_image=&#8221;11301&#8243; bg_position=&#8221;center center&#8221; bg_repeat=&#8221;no-repeat&#8221; scene_position=&#8221;center&#8221; text_color=&#8221;light&#8221; text_align=&#8221;left&#8221; top_padding=&#8221;15%&#8221; bottom_padding=&#8221;10%&#8221; color_overlay=&#8221;#0a0a0a&#8221; overlay_strength=&#8221;0.3&#8243; shape_divider_position=&#8221;bottom&#8221; bg_image_animation=&#8221;none&#8221; shape_type=&#8221;&#8221;][vc_column column_padding=&#8221;no-extra-padding&#8221; column_padding_position=&#8221;all&#8221; background_color_opacity=&#8221;1&#8243; background_hover_color_opacity=&#8221;1&#8243; column_link_target=&#8221;_self&#8221; column_shadow=&#8221;none&#8221; column_border_radius=&#8221;none&#8221; width=&#8221;1\/1&#8243; tablet_width_inherit=&#8221;default&#8221; tablet_text_alignment=&#8221;default&#8221; phone_text_alignment=&#8221;default&#8221; column_border_width=&#8221;none&#8221; column_border_style=&#8221;solid&#8221;&#8230;<\/p>\n","protected":false},"author":1,"featured_media":0,"parent":0,"menu_order":0,"comment_status":"closed","ping_status":"closed","template":"","meta":{"_acf_changed":false,"footnotes":""},"class_list":["post-6631","page","type-page","status-publish"],"acf":[],"yoast_head":"<!-- This site is optimized with the Yoast SEO plugin v27.4 - https:\/\/yoast.com\/product\/yoast-seo-wordpress\/ -->\n<title>J\u00e4rjest\u00e4 tilaisuus Logomossa - Uniikki juhlapaikka Turun keskustassa<\/title>\n<meta name=\"description\" content=\"Logomo on uniikki juhlapaikka, jonka mukautuvat tilat soveltuvat niin intiimeihin perhejuhliin kuin suuriin yritystilaisuuksiin. J\u00e4rjest\u00e4ess\u00e4si tilaisuuden Logomossa, saat ainutlaatuisen tilan lis\u00e4ksi avuksesi luotettavia ja kokeneita alansa ammattilaisia, jotka varmistavat tilaisuutesi onnistumisen. Tervetuloa!\" \/>\n<meta name=\"robots\" content=\"index, follow, max-snippet:-1, max-image-preview:large, max-video-preview:-1\" \/>\n<link rel=\"canonical\" href=\"https:\/\/logomo.fi\/en\/planning-an-event-on-logomo\" \/>\n<meta property=\"og:locale\" content=\"en_US\" \/>\n<meta property=\"og:type\" content=\"article\" \/>\n<meta property=\"og:title\" content=\"J\u00e4rjest\u00e4 tilaisuus Logomossa - Uniikki juhlapaikka Turun keskustassa\" \/>\n<meta property=\"og:description\" content=\"Logomo on uniikki juhlapaikka, jonka mukautuvat tilat soveltuvat niin intiimeihin perhejuhliin kuin suuriin yritystilaisuuksiin. J\u00e4rjest\u00e4ess\u00e4si tilaisuuden Logomossa, saat ainutlaatuisen tilan lis\u00e4ksi avuksesi luotettavia ja kokeneita alansa ammattilaisia, jotka varmistavat tilaisuutesi onnistumisen. Tervetuloa!\" \/>\n<meta property=\"og:url\" content=\"https:\/\/logomo.fi\/en\/planning-an-event-on-logomo\" \/>\n<meta property=\"og:site_name\" content=\"Logomo\" \/>\n<meta property=\"article:publisher\" content=\"https:\/\/www.facebook.com\/logomoturku\/\" \/>\n<meta property=\"article:modified_time\" content=\"2019-05-09T09:25:51+00:00\" \/>\n<meta name=\"twitter:card\" content=\"summary_large_image\" \/>\n<meta name=\"twitter:site\" content=\"@logomoturku\" \/>\n<meta name=\"twitter:label1\" content=\"Est. reading time\" \/>\n\t<meta name=\"twitter:data1\" content=\"5 minutes\" \/>\n<script type=\"application\/ld+json\" class=\"yoast-schema-graph\">{\"@context\":\"https:\\\/\\\/schema.org\",\"@graph\":[{\"@type\":\"WebPage\",\"@id\":\"https:\\\/\\\/logomo.fi\\\/en\\\/planning-an-event-on-logomo\",\"url\":\"https:\\\/\\\/logomo.fi\\\/en\\\/planning-an-event-on-logomo\",\"name\":\"J\u00e4rjest\u00e4 tilaisuus Logomossa - Uniikki juhlapaikka Turun keskustassa\",\"isPartOf\":{\"@id\":\"https:\\\/\\\/logomo.fi\\\/#website\"},\"datePublished\":\"2017-10-25T11:44:06+00:00\",\"dateModified\":\"2019-05-09T09:25:51+00:00\",\"description\":\"Logomo on uniikki juhlapaikka, jonka mukautuvat tilat soveltuvat niin intiimeihin perhejuhliin kuin suuriin yritystilaisuuksiin. J\u00e4rjest\u00e4ess\u00e4si tilaisuuden Logomossa, saat ainutlaatuisen tilan lis\u00e4ksi avuksesi luotettavia ja kokeneita alansa ammattilaisia, jotka varmistavat tilaisuutesi onnistumisen. Tervetuloa!\",\"breadcrumb\":{\"@id\":\"https:\\\/\\\/logomo.fi\\\/en\\\/planning-an-event-on-logomo#breadcrumb\"},\"inLanguage\":\"en-US\",\"potentialAction\":[{\"@type\":\"ReadAction\",\"target\":[\"https:\\\/\\\/logomo.fi\\\/en\\\/planning-an-event-on-logomo\"]}]},{\"@type\":\"BreadcrumbList\",\"@id\":\"https:\\\/\\\/logomo.fi\\\/en\\\/planning-an-event-on-logomo#breadcrumb\",\"itemListElement\":[{\"@type\":\"ListItem\",\"position\":1,\"name\":\"Home\",\"item\":\"https:\\\/\\\/logomo.fi\\\/en\"},{\"@type\":\"ListItem\",\"position\":2,\"name\":\"Planning an event at Logomo\"}]},{\"@type\":\"WebSite\",\"@id\":\"https:\\\/\\\/logomo.fi\\\/#website\",\"url\":\"https:\\\/\\\/logomo.fi\\\/\",\"name\":\"Logomo\",\"description\":\"Tapahtumatalo Turku\",\"publisher\":{\"@id\":\"https:\\\/\\\/logomo.fi\\\/#organization\"},\"potentialAction\":[{\"@type\":\"SearchAction\",\"target\":{\"@type\":\"EntryPoint\",\"urlTemplate\":\"https:\\\/\\\/logomo.fi\\\/?s={search_term_string}\"},\"query-input\":{\"@type\":\"PropertyValueSpecification\",\"valueRequired\":true,\"valueName\":\"search_term_string\"}}],\"inLanguage\":\"en-US\"},{\"@type\":\"Organization\",\"@id\":\"https:\\\/\\\/logomo.fi\\\/#organization\",\"name\":\"Logomo Oy\",\"url\":\"https:\\\/\\\/logomo.fi\\\/\",\"logo\":{\"@type\":\"ImageObject\",\"inLanguage\":\"en-US\",\"@id\":\"https:\\\/\\\/logomo.fi\\\/#\\\/schema\\\/logo\\\/image\\\/\",\"url\":\"https:\\\/\\\/logomo.fi\\\/wp-content\\\/uploads\\\/2017\\\/10\\\/Logomo_Logo@2x.png\",\"contentUrl\":\"https:\\\/\\\/logomo.fi\\\/wp-content\\\/uploads\\\/2017\\\/10\\\/Logomo_Logo@2x.png\",\"width\":500,\"height\":531,\"caption\":\"Logomo Oy\"},\"image\":{\"@id\":\"https:\\\/\\\/logomo.fi\\\/#\\\/schema\\\/logo\\\/image\\\/\"},\"sameAs\":[\"https:\\\/\\\/www.facebook.com\\\/logomoturku\\\/\",\"https:\\\/\\\/x.com\\\/logomoturku\",\"https:\\\/\\\/www.instagram.com\\\/logomoturku\\\/\",\"https:\\\/\\\/www.linkedin.com\\\/company\\\/logomo\\\/\",\"https:\\\/\\\/www.youtube.com\\\/channel\\\/UC6QFjqZuwhMuGhA5D8zG-Vg\\\/videos\"]}]}<\/script>\n<!-- \/ Yoast SEO plugin. -->","yoast_head_json":{"title":"J\u00e4rjest\u00e4 tilaisuus Logomossa - Uniikki juhlapaikka Turun keskustassa","description":"Logomo on uniikki juhlapaikka, jonka mukautuvat tilat soveltuvat niin intiimeihin perhejuhliin kuin suuriin yritystilaisuuksiin. J\u00e4rjest\u00e4ess\u00e4si tilaisuuden Logomossa, saat ainutlaatuisen tilan lis\u00e4ksi avuksesi luotettavia ja kokeneita alansa ammattilaisia, jotka varmistavat tilaisuutesi onnistumisen. Tervetuloa!","robots":{"index":"index","follow":"follow","max-snippet":"max-snippet:-1","max-image-preview":"max-image-preview:large","max-video-preview":"max-video-preview:-1"},"canonical":"https:\/\/logomo.fi\/en\/planning-an-event-on-logomo","og_locale":"en_US","og_type":"article","og_title":"J\u00e4rjest\u00e4 tilaisuus Logomossa - Uniikki juhlapaikka Turun keskustassa","og_description":"Logomo on uniikki juhlapaikka, jonka mukautuvat tilat soveltuvat niin intiimeihin perhejuhliin kuin suuriin yritystilaisuuksiin. J\u00e4rjest\u00e4ess\u00e4si tilaisuuden Logomossa, saat ainutlaatuisen tilan lis\u00e4ksi avuksesi luotettavia ja kokeneita alansa ammattilaisia, jotka varmistavat tilaisuutesi onnistumisen. Tervetuloa!","og_url":"https:\/\/logomo.fi\/en\/planning-an-event-on-logomo","og_site_name":"Logomo","article_publisher":"https:\/\/www.facebook.com\/logomoturku\/","article_modified_time":"2019-05-09T09:25:51+00:00","twitter_card":"summary_large_image","twitter_site":"@logomoturku","twitter_misc":{"Est. reading time":"5 minutes"},"schema":{"@context":"https:\/\/schema.org","@graph":[{"@type":"WebPage","@id":"https:\/\/logomo.fi\/en\/planning-an-event-on-logomo","url":"https:\/\/logomo.fi\/en\/planning-an-event-on-logomo","name":"J\u00e4rjest\u00e4 tilaisuus Logomossa - Uniikki juhlapaikka Turun keskustassa","isPartOf":{"@id":"https:\/\/logomo.fi\/#website"},"datePublished":"2017-10-25T11:44:06+00:00","dateModified":"2019-05-09T09:25:51+00:00","description":"Logomo on uniikki juhlapaikka, jonka mukautuvat tilat soveltuvat niin intiimeihin perhejuhliin kuin suuriin yritystilaisuuksiin. J\u00e4rjest\u00e4ess\u00e4si tilaisuuden Logomossa, saat ainutlaatuisen tilan lis\u00e4ksi avuksesi luotettavia ja kokeneita alansa ammattilaisia, jotka varmistavat tilaisuutesi onnistumisen. Tervetuloa!","breadcrumb":{"@id":"https:\/\/logomo.fi\/en\/planning-an-event-on-logomo#breadcrumb"},"inLanguage":"en-US","potentialAction":[{"@type":"ReadAction","target":["https:\/\/logomo.fi\/en\/planning-an-event-on-logomo"]}]},{"@type":"BreadcrumbList","@id":"https:\/\/logomo.fi\/en\/planning-an-event-on-logomo#breadcrumb","itemListElement":[{"@type":"ListItem","position":1,"name":"Home","item":"https:\/\/logomo.fi\/en"},{"@type":"ListItem","position":2,"name":"Planning an event at Logomo"}]},{"@type":"WebSite","@id":"https:\/\/logomo.fi\/#website","url":"https:\/\/logomo.fi\/","name":"Logomo","description":"Tapahtumatalo Turku","publisher":{"@id":"https:\/\/logomo.fi\/#organization"},"potentialAction":[{"@type":"SearchAction","target":{"@type":"EntryPoint","urlTemplate":"https:\/\/logomo.fi\/?s={search_term_string}"},"query-input":{"@type":"PropertyValueSpecification","valueRequired":true,"valueName":"search_term_string"}}],"inLanguage":"en-US"},{"@type":"Organization","@id":"https:\/\/logomo.fi\/#organization","name":"Logomo Oy","url":"https:\/\/logomo.fi\/","logo":{"@type":"ImageObject","inLanguage":"en-US","@id":"https:\/\/logomo.fi\/#\/schema\/logo\/image\/","url":"https:\/\/logomo.fi\/wp-content\/uploads\/2017\/10\/Logomo_Logo@2x.png","contentUrl":"https:\/\/logomo.fi\/wp-content\/uploads\/2017\/10\/Logomo_Logo@2x.png","width":500,"height":531,"caption":"Logomo Oy"},"image":{"@id":"https:\/\/logomo.fi\/#\/schema\/logo\/image\/"},"sameAs":["https:\/\/www.facebook.com\/logomoturku\/","https:\/\/x.com\/logomoturku","https:\/\/www.instagram.com\/logomoturku\/","https:\/\/www.linkedin.com\/company\/logomo\/","https:\/\/www.youtube.com\/channel\/UC6QFjqZuwhMuGhA5D8zG-Vg\/videos"]}]}},"publishpress_future_action":{"enabled":false,"date":"2026-04-28 13:30:15","action":"change-status","newStatus":"draft","terms":[],"taxonomy":"translation_priority","extraData":[]},"publishpress_future_workflow_manual_trigger":{"enabledWorkflows":[]},"_links":{"self":[{"href":"https:\/\/logomo.fi\/en\/wp-json\/wp\/v2\/pages\/6631","targetHints":{"allow":["GET"]}}],"collection":[{"href":"https:\/\/logomo.fi\/en\/wp-json\/wp\/v2\/pages"}],"about":[{"href":"https:\/\/logomo.fi\/en\/wp-json\/wp\/v2\/types\/page"}],"author":[{"embeddable":true,"href":"https:\/\/logomo.fi\/en\/wp-json\/wp\/v2\/users\/1"}],"replies":[{"embeddable":true,"href":"https:\/\/logomo.fi\/en\/wp-json\/wp\/v2\/comments?post=6631"}],"version-history":[{"count":5,"href":"https:\/\/logomo.fi\/en\/wp-json\/wp\/v2\/pages\/6631\/revisions"}],"predecessor-version":[{"id":11872,"href":"https:\/\/logomo.fi\/en\/wp-json\/wp\/v2\/pages\/6631\/revisions\/11872"}],"wp:attachment":[{"href":"https:\/\/logomo.fi\/en\/wp-json\/wp\/v2\/media?parent=6631"}],"curies":[{"name":"wp","href":"https:\/\/api.w.org\/{rel}","templated":true}]}}